{"id":3598,"date":"2015-10-23T13:10:42","date_gmt":"2015-10-23T11:10:42","guid":{"rendered":"http:\/\/virtuoso.elated-themes.com\/?page_id=3598"},"modified":"2026-04-15T15:27:45","modified_gmt":"2026-04-15T13:27:45","slug":"energiearbeit","status":"publish","type":"page","link":"https:\/\/www.angeltrust.at\/?page_id=3598","title":{"rendered":"Energiearbeit"},"content":{"rendered":"<div class=\"wpb-content-wrapper\"><p>[vc_row css=&#8220;.vc_custom_1658842670743{background-position: center !important;background-repeat: no-repeat !important;background-size: cover !important;}&#8220;][vc_column width=&#8220;1\/6&#8243;][\/vc_column][vc_column width=&#8220;2\/3&#8243;][vc_single_image image=&#8220;9151&#8243; img_size=&#8220;500&#215;250&#8243; alignment=&#8220;center&#8220;][vc_empty_space height=&#8220;40&#8243;][vc_column_text css=&#8220;.vc_custom_1771520254576{padding-right: 20px !important;padding-left: 20px !important;}&#8220;]<\/p>\n<h3 style=\"text-align: justify;\"><span style=\"text-decoration: underline; color: #dda602;\"><span style=\"font-size: 18pt;\">Energiearbeit<\/span><\/span><\/h3>\n<p>&nbsp;<\/p>\n<p style=\"text-align: justify;\"><span style=\"font-size: 12pt; font-family: Tahoma, Geneva, sans-serif; color: #333333;\">In meiner Arbeit begleite ich dich mit Achtsamkeit und Einf\u00fchlungsverm\u00f6gen dabei, wieder mehr in Balance und zu innerem wie \u00e4u\u00dferem Wohlbefinden zu gelangen. <\/span><span style=\"font-size: 12pt; font-family: Tahoma, Geneva, sans-serif; color: #333333;\">Energiearbeit geht davon aus, dass k\u00f6rperliche, <a href=\"https:\/\/www.angeltrust.at\/?page_id=8398\"><span style=\"text-decoration: underline;\">seelische<\/span><\/a> und geistige Themen auch eine energetische Ebene haben.<\/span><\/p>\n<p>&nbsp;<\/p>\n<p style=\"text-align: justify;\"><span style=\"font-size: 12pt; font-family: Tahoma, Geneva, sans-serif; color: #333333;\">Mit individuell <a href=\"https:\/\/www.angeltrust.at\/?page_id=3727\"><span style=\"text-decoration: underline;\">auf dich, dein Kind<\/span><\/a> oder dein <a href=\"https:\/\/www.angeltrust.at\/?page_id=8396\"><span style=\"text-decoration: underline;\">Tier<\/span><\/a> abgestimmten Methoden l\u00f6se ich energetische, <a href=\"https:\/\/www.angeltrust.at\/?page_id=8398\"><span style=\"text-decoration: underline;\">seelische<\/span><\/a> und emotionale Blockaden, st\u00e4rke ich den Fluss der Lebensenergie und aktiviere die k\u00f6rpereigenen Selbstheilungskr\u00e4fte. Dies kann Auswirkungen haben auf deine Selbstwahrnehmung, Lebensumst\u00e4nde, sowie auf dein famili\u00e4res und soziales Umfeld.<\/span><\/p>\n<p>&nbsp;<\/p>\n<p style=\"text-align: justify;\"><span style=\"font-size: 12pt; font-family: Tahoma, Geneva, sans-serif; color: #333333;\">Zur Veranschaulichung meiner T\u00e4tigkeit bei Mensch und Tier unterst\u00fctzt dabei das <span style=\"text-decoration: underline;\"><a href=\"https:\/\/www.angeltrust.at\/?page_id=5033\">3-Ebenen-Modell<\/a><\/span>, das die energetischen Zusammenh\u00e4nge greifbar macht und Orientierung bietet, ohne den individuellen, intuitiven Prozess einzuschr\u00e4nken.<\/span><\/p>\n<p>[\/vc_column_text][vc_empty_space height=&#8220;40&#8243;][vc_column_text css=&#8220;.vc_custom_1769420651871{padding-right: 20px !important;padding-left: 20px !important;}&#8220;]<\/p>\n<p style=\"text-align: justify;\"><span style=\"font-size: 12pt; font-family: Tahoma, Geneva, sans-serif; color: #333333;\">In ganz individuellen Sitzungen \u2013 bei mir vor Ort oder auch \u00fcber die Ferne (vor allem bei Tieren) \u2013 gehe ich behutsam in die Tiefe, um den energetischen oder <span style=\"text-decoration: underline;\"><a href=\"https:\/\/www.angeltrust.at\/?page_id=8398\">seelischen<\/a><\/span> Ursprung von Beschwerden oder herausfordernden Themen zu erkennen. Dieser Prozess geschieht achtsam und in deinem Tempo. Ungleichgewichte werden gemeinsam bearbeitet und k\u00f6nnen sich Schritt f\u00fcr Schritt l\u00f6sen.<\/span><\/p>\n<p>&nbsp;<\/p>\n<p style=\"text-align: justify;\"><span style=\"font-size: 12pt; font-family: Tahoma, Geneva, sans-serif; color: #333333;\">Die Anwendungen sind f\u00fcr Menschen jeden Alters sowie f\u00fcr Tiere geeignet \u2013 unabh\u00e4ngig davon, ob aktuell Beschwerden bestehen oder nicht. <\/span><span style=\"font-size: 12pt; font-family: Tahoma, Geneva, sans-serif; color: #333333;\"><strong data-start=\"1383\" data-end=\"1465\">Ein Heilversprechen oder eine medizinische Diagnose ist damit nicht verbunden.<\/strong><\/span><\/p>\n<p>[\/vc_column_text][vc_empty_space height=&#8220;40&#8243;][vc_column_text css=&#8220;.vc_custom_1771520321897{padding-right: 20px !important;padding-left: 20px !important;}&#8220;]<\/p>\n<h3 style=\"text-align: justify;\"><span style=\"text-decoration: underline; color: #dda602;\"><span style=\"font-size: 18pt;\">Was kannst du w\u00e4hrend einer Anwendung erleben?<\/span><\/span><\/h3>\n<p>&nbsp;<\/p>\n<p style=\"text-align: justify;\"><span style=\"font-size: 12pt; font-family: Tahoma, Geneva, sans-serif; color: #333333;\">Jede Sitzung ist so individuell wie du selbst. Du kannst W\u00e4rme, K\u00e4lte, Kribbeln, tiefe Entspannung oder emotionale Bewegungen wahrnehmen \u2013 manchmal auch ganz bewusst nichts. Alles darf sein. Auch ohne sp\u00fcrbare Empfindungen kann die Anwendung als wohltuend und st\u00e4rkend erlebt werden.<\/span><\/p>\n<p>&nbsp;<\/p>\n<p style=\"text-align: justify;\"><span style=\"font-size: 12pt; font-family: Tahoma, Geneva, sans-serif; color: #333333;\">Ver\u00e4nderungen zeigen sich bei manchen Menschen und Tieren sofort, bei anderen erst nach einiger Zeit. Oft \u00e4u\u00dfern sie sich durch mehr innere Ruhe, ein feineres Gesp\u00fcr f\u00fcr sich selbst oder neue Impulse im Alltag. Bei Tieren zeigt sich die Wirkung h\u00e4ufig im Verhalten.<\/span><\/p>\n<p>[\/vc_column_text][vc_empty_space height=&#8220;40&#8243;][vc_single_image image=&#8220;9154&#8243; img_size=&#8220;500&#215;250&#8243; alignment=&#8220;center&#8220;][vc_empty_space height=&#8220;40&#8243;][vc_column_text css=&#8220;.vc_custom_1769274313789{padding-right: 20px !important;padding-left: 20px !important;}&#8220;]<\/p>\n<h3 style=\"text-align: justify;\"><span style=\"text-decoration: underline; color: #dda602;\"><span style=\"font-size: 18pt;\">Meine Begleitung<\/span><\/span><\/h3>\n<p>&nbsp;<\/p>\n<p style=\"text-align: justify;\"><span style=\"font-size: 12pt; font-family: Tahoma, Geneva, sans-serif; color: #333333;\">Ich begegne dir, deinem Kind oder deinem Tier mit Offenheit, Respekt und Wertsch\u00e4tzung. Auf energetischer Ebene unterst\u00fctze ich dich dabei, Ungleichgewichte wahrzunehmen und sanft auszugleichen. Gleichzeitig lade ich dich ein, deine eigene Wahrnehmung und Selbstverantwortung durch Selbsterkenntnisse zu st\u00e4rken.<\/span><\/p>\n<p>&nbsp;<\/p>\n<p style=\"text-align: justify;\"><span style=\"font-size: 12pt; font-family: Tahoma, Geneva, sans-serif; color: #333333;\">Meine T\u00e4tigkeit versteht sich als begleitende, unterst\u00fctzende Methode, die Prozesse von ganzheitlicher Gesundung, Balance und pers\u00f6nlicher Weiterentwicklung auf allen <span style=\"text-decoration: underline;\"><a href=\"https:\/\/www.angeltrust.at\/?page_id=5033\">3 Ebenen<\/a><\/span> f\u00f6rdern kann. Meine Ausrichtung dabei ist das Zusammenwirken von K\u00f6rper, Geist und Seele.<\/span><\/p>\n<p>[\/vc_column_text][vc_empty_space height=&#8220;40&#8243;][vc_column_text css=&#8220;.vc_custom_1768925021289{padding-right: 20px !important;padding-left: 20px !important;}&#8220;]<\/p>\n<h3><span style=\"text-decoration: underline; color: #dda602;\"><span style=\"font-size: 18pt;\">Meine Begleitung unterst\u00fctzt:<\/span><\/span><\/h3>\n<p>&nbsp;<\/p>\n<ul>\n<li data-start=\"2559\" data-end=\"2612\"><span style=\"color: #333333; font-family: Tahoma, Geneva, sans-serif; font-size: 12pt;\">das energetische Gleichgewicht und den Energiefluss<\/span><\/li>\n<li style=\"text-align: justify;\" data-start=\"2615\" data-end=\"2644\"><span style=\"color: #333333; font-family: Tahoma, Geneva, sans-serif; font-size: 12pt;\">Entspannung und Stressabbau<\/span><\/li>\n<li style=\"text-align: justify;\" data-start=\"2647\" data-end=\"2682\"><span style=\"color: #333333; font-family: Tahoma, Geneva, sans-serif; font-size: 12pt;\">die k\u00f6rpereigenen Selbsthehilungskr\u00e4fte<\/span><\/li>\n<li style=\"text-align: justify;\" data-start=\"2685\" data-end=\"2713\"><span style=\"color: #333333; font-family: Tahoma, Geneva, sans-serif; font-size: 12pt;\">innere Ruhe und Stabilit\u00e4t<\/span><\/li>\n<li style=\"text-align: justify;\" data-start=\"2716\" data-end=\"2746\"><span style=\"color: #333333; font-family: Tahoma, Geneva, sans-serif; font-size: 12pt;\">die Verbindung zu dir selbst \/ deinem wahren Selbst<\/span><\/li>\n<li style=\"text-align: justify;\"><span style=\"color: #333333; font-family: Tahoma, Geneva, sans-serif; font-size: 12pt;\">das geistige, seelische, k\u00f6rperliche und soziale Wohlbefinden<\/span><\/li>\n<li style=\"text-align: justify;\"><span style=\"color: #333333; font-family: Tahoma, Geneva, sans-serif; font-size: 12pt;\">die Gesundheitsf\u00f6rderung und Gesundheitserhaltung<\/span><\/li>\n<\/ul>\n<p>[\/vc_column_text][vc_empty_space height=&#8220;60&#8243;][vc_column_text css=&#8220;.vc_custom_1768924677350{padding-right: 20px !important;padding-left: 20px !important;}&#8220;]<\/p>\n<p style=\"text-align: center;\"><span style=\"color: #333333; font-size: 12pt; font-family: Tahoma, Geneva, sans-serif;\">Weitere Informationen und Aufkl\u00e4rung zur T\u00e4tigkeit in der Human- und Tierenergetik, findest du \u00fcber folgende Links:<\/span><\/p>\n<p>&nbsp;<\/p>\n<p style=\"text-align: center;\"><span style=\"color: #dda602; font-size: 14pt;\"><a style=\"color: #dda602; text-decoration: underline;\" href=\"https:\/\/www.wko.at\/oe\/gewerbe-handwerk\/persoenliche-dienstleister\/berufsbild-humanenergetik-1.pdf\">Humanenergetik<\/a><\/span><\/p>\n<p style=\"text-align: center;\"><span style=\"color: #dda602; font-size: 14pt;\"><a style=\"color: #dda602; text-decoration: underline;\" href=\"https:\/\/www.wko.at\/oe\/gewerbe-handwerk\/persoenliche-dienstleister\/berufsbild-tierenergetik.pdf\">Tierenergetik<\/a><\/span><\/p>\n<p>[\/vc_column_text][vc_empty_space height=&#8220;40&#8243;][\/vc_column][vc_column width=&#8220;1\/6&#8243;][\/vc_column][\/vc_row][vc_row][vc_column][vc_single_image image=&#8220;8845&#8243; img_size=&#8220;medium&#8220; add_caption=&#8220;yes&#8220; alignment=&#8220;center&#8220;][vc_empty_space height=&#8220;100&#8243;][\/vc_column][\/vc_row][vc_row][vc_column][\/vc_column][\/vc_row]<\/p>\n<\/div>","protected":false},"excerpt":{"rendered":"<p>[vc_row css=&#8220;.vc_custom_1658842670743{background-position: center !important;background-repeat: no-repeat !important;background-size: cover !important;}&#8220;][vc_column width=&#8220;1\/6&#8243;][\/vc_column][vc_column width=&#8220;2\/3&#8243;][vc_single_image image=&#8220;9151&#8243; img_size=&#8220;500&#215;250&#8243; alignment=&#8220;center&#8220;][vc_empty_space height=&#8220;40&#8243;][vc_column_text css=&#8220;.vc_custom_1771520254576{padding-right: 20px !important;padding-left: 20px !important;}&#8220;] Energiearbeit &nbsp; In meiner Arbeit begleite ich dich mit Achtsamkeit und Einf\u00fchlungsverm\u00f6gen dabei, wieder mehr in Balance und zu innerem wie \u00e4u\u00dferem Wohlbefinden zu gelangen. Energiearbeit&#8230;<\/p>\n","protected":false},"author":3,"featured_media":0,"parent":0,"menu_order":0,"comment_status":"closed","ping_status":"closed","template":"full-width.php","meta":{"footnotes":""},"class_list":["post-3598","page","type-page","status-publish","hentry"],"yoast_head":"<!-- This site is optimized with the Yoast SEO plugin v25.8 - https:\/\/yoast.com\/wordpress\/plugins\/seo\/ -->\n<title>Energiearbeit - Gelange zur\u00fcck zu mehr Balance und zu innerem wie \u00e4u\u00dferem Wohlbefinden.<\/title>\n<meta name=\"description\" content=\"Mit individuell auf dich, dein Kind oder dein Tier abgestimmten Methoden l\u00f6se ich energetische, seelische und emotionale Blockaden, st\u00e4rke ich den Fluss der Lebensenergie und aktiviere die k\u00f6rpereigenen Selbstheilungskr\u00e4fte.\" \/>\n<meta name=\"robots\" content=\"index, follow, max-snippet:-1, max-image-preview:large, max-video-preview:-1\" \/>\n<link rel=\"canonical\" href=\"https:\/\/www.angeltrust.at\/?page_id=3598\" \/>\n<meta property=\"og:locale\" content=\"de_DE\" \/>\n<meta property=\"og:type\" content=\"article\" \/>\n<meta property=\"og:title\" content=\"Energiearbeit - Gelange zur\u00fcck zu mehr Balance und zu innerem wie \u00e4u\u00dferem Wohlbefinden.\" \/>\n<meta property=\"og:description\" content=\"Mit individuell auf dich, dein Kind oder dein Tier abgestimmten Methoden l\u00f6se ich energetische, seelische und emotionale Blockaden, st\u00e4rke ich den Fluss der Lebensenergie und aktiviere die k\u00f6rpereigenen Selbstheilungskr\u00e4fte.\" \/>\n<meta property=\"og:url\" content=\"https:\/\/www.angeltrust.at\/?page_id=3598\" \/>\n<meta property=\"og:site_name\" content=\"angeltrust.at\" \/>\n<meta property=\"article:publisher\" content=\"https:\/\/www.facebook.com\/angeltrust.at\/?fref=ts\" \/>\n<meta property=\"article:modified_time\" content=\"2026-04-15T13:27:45+00:00\" \/>\n<meta name=\"twitter:card\" content=\"summary_large_image\" \/>\n<meta name=\"twitter:label1\" content=\"Gesch\u00e4tzte Lesezeit\" \/>\n\t<meta name=\"twitter:data1\" content=\"3\u00a0Minuten\" \/>\n<script type=\"application\/ld+json\" class=\"yoast-schema-graph\">{\"@context\":\"https:\/\/schema.org\",\"@graph\":[{\"@type\":\"WebPage\",\"@id\":\"https:\/\/www.angeltrust.at\/?page_id=3598\",\"url\":\"https:\/\/www.angeltrust.at\/?page_id=3598\",\"name\":\"Energiearbeit - Gelange zur\u00fcck zu mehr Balance und zu innerem wie \u00e4u\u00dferem Wohlbefinden.\",\"isPartOf\":{\"@id\":\"https:\/\/www.angeltrust.at\/#website\"},\"datePublished\":\"2015-10-23T11:10:42+00:00\",\"dateModified\":\"2026-04-15T13:27:45+00:00\",\"description\":\"Mit individuell auf dich, dein Kind oder dein Tier abgestimmten Methoden l\u00f6se ich energetische, seelische und emotionale Blockaden, st\u00e4rke ich den Fluss der Lebensenergie und aktiviere die k\u00f6rpereigenen Selbstheilungskr\u00e4fte.\",\"breadcrumb\":{\"@id\":\"https:\/\/www.angeltrust.at\/?page_id=3598#breadcrumb\"},\"inLanguage\":\"de\",\"potentialAction\":[{\"@type\":\"ReadAction\",\"target\":[\"https:\/\/www.angeltrust.at\/?page_id=3598\"]}]},{\"@type\":\"BreadcrumbList\",\"@id\":\"https:\/\/www.angeltrust.at\/?page_id=3598#breadcrumb\",\"itemListElement\":[{\"@type\":\"ListItem\",\"position\":1,\"name\":\"Startseite\",\"item\":\"https:\/\/www.angeltrust.at\/\"},{\"@type\":\"ListItem\",\"position\":2,\"name\":\"Energiearbeit\"}]},{\"@type\":\"WebSite\",\"@id\":\"https:\/\/www.angeltrust.at\/#website\",\"url\":\"https:\/\/www.angeltrust.at\/\",\"name\":\"angeltrust.at\",\"description\":\"Corinna Maria Landauer-Fetbauer\",\"potentialAction\":[{\"@type\":\"SearchAction\",\"target\":{\"@type\":\"EntryPoint\",\"urlTemplate\":\"https:\/\/www.angeltrust.at\/?s={search_term_string}\"},\"query-input\":{\"@type\":\"PropertyValueSpecification\",\"valueRequired\":true,\"valueName\":\"search_term_string\"}}],\"inLanguage\":\"de\"}]}<\/script>\n<!-- \/ Yoast SEO plugin. -->","yoast_head_json":{"title":"Energiearbeit - Gelange zur\u00fcck zu mehr Balance und zu innerem wie \u00e4u\u00dferem Wohlbefinden.","description":"Mit individuell auf dich, dein Kind oder dein Tier abgestimmten Methoden l\u00f6se ich energetische, seelische und emotionale Blockaden, st\u00e4rke ich den Fluss der Lebensenergie und aktiviere die k\u00f6rpereigenen Selbstheilungskr\u00e4fte.","robots":{"index":"index","follow":"follow","max-snippet":"max-snippet:-1","max-image-preview":"max-image-preview:large","max-video-preview":"max-video-preview:-1"},"canonical":"https:\/\/www.angeltrust.at\/?page_id=3598","og_locale":"de_DE","og_type":"article","og_title":"Energiearbeit - Gelange zur\u00fcck zu mehr Balance und zu innerem wie \u00e4u\u00dferem Wohlbefinden.","og_description":"Mit individuell auf dich, dein Kind oder dein Tier abgestimmten Methoden l\u00f6se ich energetische, seelische und emotionale Blockaden, st\u00e4rke ich den Fluss der Lebensenergie und aktiviere die k\u00f6rpereigenen Selbstheilungskr\u00e4fte.","og_url":"https:\/\/www.angeltrust.at\/?page_id=3598","og_site_name":"angeltrust.at","article_publisher":"https:\/\/www.facebook.com\/angeltrust.at\/?fref=ts","article_modified_time":"2026-04-15T13:27:45+00:00","twitter_card":"summary_large_image","twitter_misc":{"Gesch\u00e4tzte Lesezeit":"3\u00a0Minuten"},"schema":{"@context":"https:\/\/schema.org","@graph":[{"@type":"WebPage","@id":"https:\/\/www.angeltrust.at\/?page_id=3598","url":"https:\/\/www.angeltrust.at\/?page_id=3598","name":"Energiearbeit - Gelange zur\u00fcck zu mehr Balance und zu innerem wie \u00e4u\u00dferem Wohlbefinden.","isPartOf":{"@id":"https:\/\/www.angeltrust.at\/#website"},"datePublished":"2015-10-23T11:10:42+00:00","dateModified":"2026-04-15T13:27:45+00:00","description":"Mit individuell auf dich, dein Kind oder dein Tier abgestimmten Methoden l\u00f6se ich energetische, seelische und emotionale Blockaden, st\u00e4rke ich den Fluss der Lebensenergie und aktiviere die k\u00f6rpereigenen Selbstheilungskr\u00e4fte.","breadcrumb":{"@id":"https:\/\/www.angeltrust.at\/?page_id=3598#breadcrumb"},"inLanguage":"de","potentialAction":[{"@type":"ReadAction","target":["https:\/\/www.angeltrust.at\/?page_id=3598"]}]},{"@type":"BreadcrumbList","@id":"https:\/\/www.angeltrust.at\/?page_id=3598#breadcrumb","itemListElement":[{"@type":"ListItem","position":1,"name":"Startseite","item":"https:\/\/www.angeltrust.at\/"},{"@type":"ListItem","position":2,"name":"Energiearbeit"}]},{"@type":"WebSite","@id":"https:\/\/www.angeltrust.at\/#website","url":"https:\/\/www.angeltrust.at\/","name":"angeltrust.at","description":"Corinna Maria Landauer-Fetbauer","potentialAction":[{"@type":"SearchAction","target":{"@type":"EntryPoint","urlTemplate":"https:\/\/www.angeltrust.at\/?s={search_term_string}"},"query-input":{"@type":"PropertyValueSpecification","valueRequired":true,"valueName":"search_term_string"}}],"inLanguage":"de"}]}},"_links":{"self":[{"href":"https:\/\/www.angeltrust.at\/index.php?rest_route=\/wp\/v2\/pages\/3598","targetHints":{"allow":["GET"]}}],"collection":[{"href":"https:\/\/www.angeltrust.at\/index.php?rest_route=\/wp\/v2\/pages"}],"about":[{"href":"https:\/\/www.angeltrust.at\/index.php?rest_route=\/wp\/v2\/types\/page"}],"author":[{"embeddable":true,"href":"https:\/\/www.angeltrust.at\/index.php?rest_route=\/wp\/v2\/users\/3"}],"replies":[{"embeddable":true,"href":"https:\/\/www.angeltrust.at\/index.php?rest_route=%2Fwp%2Fv2%2Fcomments&post=3598"}],"version-history":[{"count":212,"href":"https:\/\/www.angeltrust.at\/index.php?rest_route=\/wp\/v2\/pages\/3598\/revisions"}],"predecessor-version":[{"id":9381,"href":"https:\/\/www.angeltrust.at\/index.php?rest_route=\/wp\/v2\/pages\/3598\/revisions\/9381"}],"wp:attachment":[{"href":"https:\/\/www.angeltrust.at\/index.php?rest_route=%2Fwp%2Fv2%2Fmedia&parent=3598"}],"curies":[{"name":"wp","href":"https:\/\/api.w.org\/{rel}","templated":true}]}}