{"id":3727,"date":"2015-10-23T15:06:38","date_gmt":"2015-10-23T13:06:38","guid":{"rendered":"http:\/\/virtuoso.elated-themes.com\/?page_id=3727"},"modified":"2026-04-15T15:28:05","modified_gmt":"2026-04-15T13:28:05","slug":"behandlungen","status":"publish","type":"page","link":"https:\/\/www.angeltrust.at\/?page_id=3727","title":{"rendered":"Humanenergetik"},"content":{"rendered":"<div class=\"wpb-content-wrapper\"><p>[vc_row css=&#8220;.vc_custom_1657374889188{padding-right: 20px !important;padding-left: 20px !important;background-position: center !important;background-repeat: no-repeat !important;background-size: cover !important;}&#8220;][vc_column width=&#8220;1\/6&#8243;][\/vc_column][vc_column width=&#8220;2\/3&#8243;][vc_empty_space height=&#8220;20px&#8220;][vc_single_image image=&#8220;9134&#8243; img_size=&#8220;500&#215;250&#8243; alignment=&#8220;center&#8220;][vc_empty_space height=&#8220;40px&#8220;][vc_column_text]<\/p>\n<p style=\"text-align: justify;\"><span style=\"font-size: 12pt; font-family: Tahoma, Geneva, sans-serif; color: #333333;\">Mit sanften, energetischen Methoden unterst\u00fctze ich dich auf <span style=\"text-decoration: underline;\"><a href=\"https:\/\/www.angeltrust.at\/?page_id=5033\">allen Ebenen<\/a><\/span> dabei, ganzheitlich f\u00fcr dein Wohlbefinden, deine Gesundheit und die Balance von K\u00f6rper, Geist und Seele zu wirken \u2013 damit du dich rundum wohler und ausgeglichener f\u00fchlen kannst.<\/span><\/p>\n<p>&nbsp;<\/p>\n<p style=\"text-align: justify;\"><span style=\"font-size: 12pt; font-family: Tahoma, Geneva, sans-serif; color: #333333;\">Im Mittelpunkt steht dabei dein pers\u00f6nliches Energiefeld, deine Lebensenergie. Diese feine Kraft durchstr\u00f6mt alles Lebendige und ist seit jeher bekannt. Ger\u00e4t dieser Energiefluss aus dem Gleichgewicht, kann sich das auf unterschiedlichsten Ebenen zeigen.<\/span><\/p>\n<p>[\/vc_column_text][vc_empty_space height=&#8220;40px&#8220;][vc_column_text]<\/p>\n<p style=\"text-align: justify;\"><span style=\"font-size: 12pt; font-family: Tahoma, Geneva, sans-serif; color: #333333;\">Meine Begleitung ist dabei ganz intuitiv und individuell. Dein Energiesystem und deine <a href=\"https:\/\/www.angeltrust.at\/?page_id=8398\"><span style=\"text-decoration: underline;\">Seele<\/span><\/a> zeigen, was gerade gesehen werden m\u00f6chte \u2013 wo ich ansetzen darf und welche Themen sich l\u00f6sen d\u00fcrfen. Als Humanenergetikerin nehme ich energetische Blockaden wahr und unterst\u00fctze dich dabei, diese behutsam zu harmonisieren. So darf wieder Leichtigkeit entstehen \u2013 auf k\u00f6rperlicher, emotionaler und energetischer Ebene.<\/span><\/p>\n<p>&nbsp;<\/p>\n<p style=\"text-align: justify;\"><span style=\"font-size: 12pt; font-family: Tahoma, Geneva, sans-serif; color: #333333;\">Dein Wohlbefinden kann sich vertiefen, deine nat\u00fcrlichen Selbstheilungskr\u00e4fte werden angeregt und dein Energiefluss kommt wieder ins Flie\u00dfen. Du findest zur\u00fcck in deine Mitte \u2013 in ein harmonisches, stabiles Gef\u00fchl von innerer und \u00e4u\u00dferer Balance.<\/span><\/p>\n<p>[\/vc_column_text][vc_empty_space height=&#8220;40px&#8220;][vc_column_text]<\/p>\n<p style=\"text-align: justify;\"><span style=\"font-size: 12pt; font-family: Tahoma, Geneva, sans-serif; color: #333333;\">Je nach dem, was sich zeigt, arbeite ich unter anderem mit sanfter Ber\u00fchrung, Kl\u00e4ngen wie <span style=\"text-decoration: underline;\"><a href=\"https:\/\/www.angeltrust.at\/?page_id=8618\">Kristallklangschalen<\/a><\/span> oder Solfeggio-Frequenzen, mit R\u00e4ucherwerk oder Edelsteinen. Doch meine Begleitung endet nicht bei einzelnen Methoden \u2013 sie folgt dir, deinem Energiesystem und dem, was gerade wesentlich ist.<\/span><\/p>\n<p>&nbsp;<\/p>\n<p style=\"text-align: justify;\"><span style=\"font-size: 12pt; font-family: Tahoma, Geneva, sans-serif; color: #333333;\">Diese einf\u00fchlsame Begleitung gilt selbstverst\u00e4ndlich auch f\u00fcr Kinder.<\/span><\/p>\n<p style=\"text-align: justify;\"><span style=\"font-size: 12pt; font-family: Tahoma, Geneva, sans-serif; color: #333333;\">Wenn du mehr \u00fcber meine Arbeit erfahren m\u00f6chtest, findest du weitere Informationen unter <span style=\"text-decoration: underline;\"><a href=\"https:\/\/www.angeltrust.at\/?page_id=3598\">Energiearbeit<\/a><\/span>.<\/span><\/p>\n<p>[\/vc_column_text][vc_empty_space height=&#8220;60px&#8220;][\/vc_column][vc_column width=&#8220;1\/6&#8243; css=&#8220;.vc_custom_1657138892011{background-position: center !important;background-repeat: no-repeat !important;background-size: contain !important;}&#8220;][\/vc_column][\/vc_row][vc_row row_type=&#8220;parallax&#8220; content_width=&#8220;grid&#8220; content_aligment=&#8220;center&#8220; full_screen_section_height=&#8220;no&#8220;][vc_column width=&#8220;1\/3&#8243; offset=&#8220;vc_col-sm-offset-0&#8243;][vc_single_image image=&#8220;9247&#8243; img_size=&#8220;450&#215;450&#8243; alignment=&#8220;center&#8220; onclick=&#8220;custom_link&#8220; css=&#8220;.vc_custom_1769421413139{padding-top: 20px !important;padding-right: 20px !important;padding-bottom: 20px !important;padding-left: 20px !important;}&#8220; link=&#8220;https:\/\/www.angeltrust.at\/?portfolio-item=ablauf-einer-behandlung&#8220;][vc_column_text]<\/p>\n<h3><a href=\"https:\/\/www.angeltrust.at\/?portfolio-item=ablauf-einer-behandlung\">Ablauf einer Behandlung<\/a><\/h3>\n<p>[\/vc_column_text][\/vc_column][vc_column width=&#8220;1\/3&#8243;][vc_single_image image=&#8220;9250&#8243; img_size=&#8220;450&#215;450&#8243; alignment=&#8220;center&#8220; onclick=&#8220;custom_link&#8220; css=&#8220;.vc_custom_1769422207540{padding-top: 20px !important;padding-right: 20px !important;padding-bottom: 20px !important;padding-left: 20px !important;}&#8220; link=&#8220;https:\/\/www.angeltrust.at\/?portfolio-item=chakrenausgleich&#8220;][vc_column_text]<\/p>\n<h3><a href=\"https:\/\/www.angeltrust.at\/?portfolio-item=chakrenausgleich\">Chakrenausgleich<\/a><\/h3>\n<p>[\/vc_column_text][\/vc_column][vc_column width=&#8220;1\/3&#8243;][vc_single_image image=&#8220;9256&#8243; img_size=&#8220;450&#215;450&#8243; alignment=&#8220;center&#8220; onclick=&#8220;custom_link&#8220; css=&#8220;.vc_custom_1769424138662{padding-top: 20px !important;padding-right: 20px !important;padding-bottom: 20px !important;padding-left: 20px !important;}&#8220; link=&#8220;https:\/\/www.angeltrust.at\/?portfolio-item=auraausgleich&#8220;][vc_column_text]<\/p>\n<h3><a href=\"https:\/\/www.angeltrust.at\/?portfolio-item=auraausgleich\">Auraausgleich<\/a><\/h3>\n<p>[\/vc_column_text][\/vc_column][\/vc_row][vc_row][vc_column][vc_empty_space height=&#8220;32&#8243;][\/vc_column][\/vc_row][vc_row row_type=&#8220;parallax&#8220; content_width=&#8220;grid&#8220; content_aligment=&#8220;center&#8220; full_screen_section_height=&#8220;no&#8220;][vc_column width=&#8220;1\/6&#8243; offset=&#8220;vc_col-sm-offset-0&#8243;][\/vc_column][vc_column width=&#8220;1\/3&#8243;][vc_single_image image=&#8220;9258&#8243; img_size=&#8220;450&#215;450&#8243; alignment=&#8220;center&#8220; onclick=&#8220;custom_link&#8220; css=&#8220;.vc_custom_1769425606805{padding-top: 20px !important;padding-right: 20px !important;padding-bottom: 20px !important;padding-left: 20px !important;}&#8220; link=&#8220;https:\/\/www.angeltrust.at\/?portfolio-item=tcm-akkupressur&#8220;][vc_column_text]<\/p>\n<h3><a href=\"https:\/\/www.angeltrust.at\/?portfolio-item=tcm-akkupressur\">tcm &amp; Akupressur<\/a><\/h3>\n<p>[\/vc_column_text][\/vc_column][vc_column width=&#8220;1\/3&#8243;][vc_single_image image=&#8220;9260&#8243; img_size=&#8220;450&#215;450&#8243; alignment=&#8220;center&#8220; onclick=&#8220;custom_link&#8220; css=&#8220;.vc_custom_1769425764292{padding-top: 20px !important;padding-right: 20px !important;padding-bottom: 20px !important;padding-left: 20px !important;}&#8220; link=&#8220;https:\/\/www.angeltrust.at\/?portfolio-item=aromaoelanwendung-2&#8243;][vc_column_text]<\/p>\n<h3><a href=\"https:\/\/www.angeltrust.at\/?portfolio-item=aromaoelanwendung-2\">Aroma\u00f6lanwendung<\/a><\/h3>\n<p>[\/vc_column_text][\/vc_column][vc_column width=&#8220;1\/6&#8243;][\/vc_column][\/vc_row][vc_row css=&#8220;.vc_custom_1657374889188{padding-right: 20px !important;padding-left: 20px !important;background-position: center !important;background-repeat: no-repeat !important;background-size: cover !important;}&#8220;][vc_column width=&#8220;1\/6&#8243;][\/vc_column][vc_column width=&#8220;2\/3&#8243;][vc_empty_space height=&#8220;80px&#8220;][vc_empty_space height=&#8220;80px&#8220;][vc_column_text]<\/p>\n<h3 style=\"text-align: center;\"><span style=\"text-decoration: underline; font-size: 24pt;\"><span style=\"color: #dda602; text-decoration: underline;\">Preise<\/span><\/span><\/h3>\n<p>&nbsp;<\/p>\n<table style=\"border-collapse: collapse; width: 100%; height: 82px;\">\n<tbody>\n<tr style=\"height: 24px;\">\n<td style=\"width: 20.536561%; height: 24px;\"><span style=\"font-family: Tahoma, Geneva, sans-serif; font-size: 10pt; color: #333333;\">Stundensatz &#8211; 60 Minuten<\/span><\/td>\n<td style=\"width: 13.698956%; height: 24px;\"><span style=\"font-family: Tahoma, Geneva, sans-serif; font-size: 10pt; color: #333333;\">\u20ac 120,-<\/span><\/td>\n<td style=\"width: 30.223173%; height: 24px;\"><span style=\"text-decoration: underline; font-size: 10pt; font-family: Tahoma, Geneva, sans-serif; color: #333333;\"><a href=\"https:\/\/www.angeltrust.at\/?portfolio-item=aromaoelanwendung-2\">Raindrop-Balancing<\/a><\/span><\/td>\n<td style=\"width: 35.54131%; height: 24px;\"><span style=\"font-size: 10pt; font-family: Tahoma, Geneva, sans-serif; color: #333333;\">\u20ac 190,- f\u00fcr Erwachsene und gr\u00f6\u00dfere Tiere &#8211; 1,5 Stunden<br \/>\n\u20ac 140,- f\u00fcr Kinder und Kleintiere &#8211; 1 Stunde<\/span><\/td>\n<\/tr>\n<tr style=\"height: 24px;\">\n<td style=\"width: 20.536561%; height: 24px;\"><span style=\"font-family: Tahoma, Geneva, sans-serif; font-size: 10pt; color: #333333;\">2 Stunden &#8211; 120 Minuten<\/span><\/td>\n<td style=\"width: 13.698956%; height: 24px;\"><span style=\"font-family: Tahoma, Geneva, sans-serif; font-size: 10pt; color: #333333;\">\u20ac 220,-<\/span><\/td>\n<td style=\"width: 30.223173%; height: 24px;\"><span style=\"font-size: 10pt; font-family: Tahoma, Geneva, sans-serif; color: #333333;\"><a href=\"https:\/\/www.angeltrust.at\/?portfolio-item=hausreinigung-erdheilung\"><span style=\"text-decoration: underline;\">Hausreinigung und Erdheilung<\/span><\/a><br \/>\nje nach Aufwand und Gr\u00f6\u00dfe des Anwesens<\/span><\/td>\n<td style=\"width: 35.54131%; height: 24px;\"><span style=\"font-size: 10pt; font-family: Tahoma, Geneva, sans-serif; color: #333333;\">ab \u20ac 240,- ca. 2 Stunden<\/span><\/td>\n<\/tr>\n<tr style=\"height: 24px;\">\n<td style=\"width: 20.536561%; height: 10px;\"><span style=\"font-family: Tahoma, Geneva, sans-serif; font-size: 10pt; color: #333333;\">3 Stunden &#8211; 180 Minuten<\/span><\/td>\n<td style=\"width: 13.698956%; height: 10px;\"><span style=\"font-family: Tahoma, Geneva, sans-serif; font-size: 10pt; color: #333333;\">\u20ac 300,-<\/span><\/td>\n<td style=\"width: 30.223173%; height: 10px;\"><span style=\"font-size: 10pt; font-family: Tahoma, Geneva, sans-serif; color: #333333; text-decoration: underline;\"><a href=\"https:\/\/www.angeltrust.at\/?page_id=8618\">Kristallklangbad<\/a><\/span><\/td>\n<td style=\"width: 35.54131%; height: 10px;\"><span style=\"font-size: 10pt; font-family: Tahoma, Geneva, sans-serif; color: #333333;\">\u20ac 145,- gesamt 90 Minuten<\/span><\/td>\n<\/tr>\n<tr style=\"height: 24px;\">\n<td style=\"width: 20.536561%; height: 24px;\"><span style=\"font-family: Tahoma, Geneva, sans-serif; font-size: 10pt; color: #333333;\">1\/2 Stunde (ab der 15. Minute)<\/span><\/td>\n<td style=\"width: 13.698956%; height: 24px;\"><span style=\"font-family: Tahoma, Geneva, sans-serif; font-size: 10pt; color: #333333;\">\u20ac 50,-<\/span><\/td>\n<td style=\"width: 30.223173%; height: 24px;\"><span style=\"font-family: Tahoma, Geneva, sans-serif; font-size: 10pt; color: #333333;\">Kilometergeld &#8211; ab 5 km<\/span><\/td>\n<td style=\"width: 35.54131%; height: 24px;\"><span style=\"font-family: Tahoma, Geneva, sans-serif; font-size: 10pt; color: #333333;\">\u20ac 0,90<\/span><\/td>\n<\/tr>\n<\/tbody>\n<\/table>\n<p>[\/vc_column_text][vc_empty_space height=&#8220;60px&#8220;][\/vc_column][vc_column width=&#8220;1\/6&#8243; css=&#8220;.vc_custom_1657138892011{background-position: center !important;background-repeat: no-repeat !important;background-size: contain !important;}&#8220;][\/vc_column][\/vc_row][vc_row][vc_column][vc_empty_space height=&#8220;50px&#8220;][\/vc_column][\/vc_row]<\/p>\n<\/div>","protected":false},"excerpt":{"rendered":"<p>[vc_row css=&#8220;.vc_custom_1657374889188{padding-right: 20px !important;padding-left: 20px !important;background-position: center !important;background-repeat: no-repeat !important;background-size: cover !important;}&#8220;][vc_column width=&#8220;1\/6&#8243;][\/vc_column][vc_column width=&#8220;2\/3&#8243;][vc_empty_space height=&#8220;20px&#8220;][vc_single_image image=&#8220;9134&#8243; img_size=&#8220;500&#215;250&#8243; alignment=&#8220;center&#8220;][vc_empty_space height=&#8220;40px&#8220;][vc_column_text] Mit sanften, energetischen Methoden unterst\u00fctze ich dich auf allen Ebenen dabei, ganzheitlich f\u00fcr dein Wohlbefinden, deine Gesundheit und die Balance von K\u00f6rper, Geist und Seele zu&#8230;<\/p>\n","protected":false},"author":3,"featured_media":0,"parent":0,"menu_order":0,"comment_status":"closed","ping_status":"closed","template":"full-width.php","meta":{"footnotes":""},"class_list":["post-3727","page","type-page","status-publish","hentry"],"yoast_head":"<!-- This site is optimized with the Yoast SEO plugin v25.8 - https:\/\/yoast.com\/wordpress\/plugins\/seo\/ -->\n<title>Humanenergetik - Ganzheitliche und intuitive Unterst\u00fctzung auf dem Weg zu mehr Balance, Wohlbefinden und innerer Klarheit<\/title>\n<meta name=\"description\" content=\"Ich \u00f6ffne dir einen gesch\u00fctzten Raum, in dem du dir selbst in Tiefe begegnen darf. Dein Energiesystem und deine Seele zeigt dabei, was gerade Aufmerksamkeit braucht und sich l\u00f6sen darf.\" \/>\n<meta name=\"robots\" content=\"index, follow, max-snippet:-1, max-image-preview:large, max-video-preview:-1\" \/>\n<link rel=\"canonical\" href=\"https:\/\/www.angeltrust.at\/?page_id=3727\" \/>\n<meta property=\"og:locale\" content=\"de_DE\" \/>\n<meta property=\"og:type\" content=\"article\" \/>\n<meta property=\"og:title\" content=\"Humanenergetik - Ganzheitliche und intuitive Unterst\u00fctzung auf dem Weg zu mehr Balance, Wohlbefinden und innerer Klarheit\" \/>\n<meta property=\"og:description\" content=\"Ich \u00f6ffne dir einen gesch\u00fctzten Raum, in dem du dir selbst in Tiefe begegnen darf. Dein Energiesystem und deine Seele zeigt dabei, was gerade Aufmerksamkeit braucht und sich l\u00f6sen darf.\" \/>\n<meta property=\"og:url\" content=\"https:\/\/www.angeltrust.at\/?page_id=3727\" \/>\n<meta property=\"og:site_name\" content=\"angeltrust.at\" \/>\n<meta property=\"article:publisher\" content=\"https:\/\/www.facebook.com\/angeltrust.at\/?fref=ts\" \/>\n<meta property=\"article:modified_time\" content=\"2026-04-15T13:28:05+00:00\" \/>\n<meta name=\"twitter:card\" content=\"summary_large_image\" \/>\n<meta name=\"twitter:label1\" content=\"Gesch\u00e4tzte Lesezeit\" \/>\n\t<meta name=\"twitter:data1\" content=\"4\u00a0Minuten\" \/>\n<script type=\"application\/ld+json\" class=\"yoast-schema-graph\">{\"@context\":\"https:\/\/schema.org\",\"@graph\":[{\"@type\":\"WebPage\",\"@id\":\"https:\/\/www.angeltrust.at\/?page_id=3727\",\"url\":\"https:\/\/www.angeltrust.at\/?page_id=3727\",\"name\":\"Humanenergetik - Ganzheitliche und intuitive Unterst\u00fctzung auf dem Weg zu mehr Balance, Wohlbefinden und innerer Klarheit\",\"isPartOf\":{\"@id\":\"https:\/\/www.angeltrust.at\/#website\"},\"datePublished\":\"2015-10-23T13:06:38+00:00\",\"dateModified\":\"2026-04-15T13:28:05+00:00\",\"description\":\"Ich \u00f6ffne dir einen gesch\u00fctzten Raum, in dem du dir selbst in Tiefe begegnen darf. Dein Energiesystem und deine Seele zeigt dabei, was gerade Aufmerksamkeit braucht und sich l\u00f6sen darf.\",\"breadcrumb\":{\"@id\":\"https:\/\/www.angeltrust.at\/?page_id=3727#breadcrumb\"},\"inLanguage\":\"de\",\"potentialAction\":[{\"@type\":\"ReadAction\",\"target\":[\"https:\/\/www.angeltrust.at\/?page_id=3727\"]}]},{\"@type\":\"BreadcrumbList\",\"@id\":\"https:\/\/www.angeltrust.at\/?page_id=3727#breadcrumb\",\"itemListElement\":[{\"@type\":\"ListItem\",\"position\":1,\"name\":\"Startseite\",\"item\":\"https:\/\/www.angeltrust.at\/\"},{\"@type\":\"ListItem\",\"position\":2,\"name\":\"Humanenergetik\"}]},{\"@type\":\"WebSite\",\"@id\":\"https:\/\/www.angeltrust.at\/#website\",\"url\":\"https:\/\/www.angeltrust.at\/\",\"name\":\"angeltrust.at\",\"description\":\"Corinna Maria Landauer-Fetbauer\",\"potentialAction\":[{\"@type\":\"SearchAction\",\"target\":{\"@type\":\"EntryPoint\",\"urlTemplate\":\"https:\/\/www.angeltrust.at\/?s={search_term_string}\"},\"query-input\":{\"@type\":\"PropertyValueSpecification\",\"valueRequired\":true,\"valueName\":\"search_term_string\"}}],\"inLanguage\":\"de\"}]}<\/script>\n<!-- \/ Yoast SEO plugin. -->","yoast_head_json":{"title":"Humanenergetik - Ganzheitliche und intuitive Unterst\u00fctzung auf dem Weg zu mehr Balance, Wohlbefinden und innerer Klarheit","description":"Ich \u00f6ffne dir einen gesch\u00fctzten Raum, in dem du dir selbst in Tiefe begegnen darf. Dein Energiesystem und deine Seele zeigt dabei, was gerade Aufmerksamkeit braucht und sich l\u00f6sen darf.","robots":{"index":"index","follow":"follow","max-snippet":"max-snippet:-1","max-image-preview":"max-image-preview:large","max-video-preview":"max-video-preview:-1"},"canonical":"https:\/\/www.angeltrust.at\/?page_id=3727","og_locale":"de_DE","og_type":"article","og_title":"Humanenergetik - Ganzheitliche und intuitive Unterst\u00fctzung auf dem Weg zu mehr Balance, Wohlbefinden und innerer Klarheit","og_description":"Ich \u00f6ffne dir einen gesch\u00fctzten Raum, in dem du dir selbst in Tiefe begegnen darf. Dein Energiesystem und deine Seele zeigt dabei, was gerade Aufmerksamkeit braucht und sich l\u00f6sen darf.","og_url":"https:\/\/www.angeltrust.at\/?page_id=3727","og_site_name":"angeltrust.at","article_publisher":"https:\/\/www.facebook.com\/angeltrust.at\/?fref=ts","article_modified_time":"2026-04-15T13:28:05+00:00","twitter_card":"summary_large_image","twitter_misc":{"Gesch\u00e4tzte Lesezeit":"4\u00a0Minuten"},"schema":{"@context":"https:\/\/schema.org","@graph":[{"@type":"WebPage","@id":"https:\/\/www.angeltrust.at\/?page_id=3727","url":"https:\/\/www.angeltrust.at\/?page_id=3727","name":"Humanenergetik - Ganzheitliche und intuitive Unterst\u00fctzung auf dem Weg zu mehr Balance, Wohlbefinden und innerer Klarheit","isPartOf":{"@id":"https:\/\/www.angeltrust.at\/#website"},"datePublished":"2015-10-23T13:06:38+00:00","dateModified":"2026-04-15T13:28:05+00:00","description":"Ich \u00f6ffne dir einen gesch\u00fctzten Raum, in dem du dir selbst in Tiefe begegnen darf. Dein Energiesystem und deine Seele zeigt dabei, was gerade Aufmerksamkeit braucht und sich l\u00f6sen darf.","breadcrumb":{"@id":"https:\/\/www.angeltrust.at\/?page_id=3727#breadcrumb"},"inLanguage":"de","potentialAction":[{"@type":"ReadAction","target":["https:\/\/www.angeltrust.at\/?page_id=3727"]}]},{"@type":"BreadcrumbList","@id":"https:\/\/www.angeltrust.at\/?page_id=3727#breadcrumb","itemListElement":[{"@type":"ListItem","position":1,"name":"Startseite","item":"https:\/\/www.angeltrust.at\/"},{"@type":"ListItem","position":2,"name":"Humanenergetik"}]},{"@type":"WebSite","@id":"https:\/\/www.angeltrust.at\/#website","url":"https:\/\/www.angeltrust.at\/","name":"angeltrust.at","description":"Corinna Maria Landauer-Fetbauer","potentialAction":[{"@type":"SearchAction","target":{"@type":"EntryPoint","urlTemplate":"https:\/\/www.angeltrust.at\/?s={search_term_string}"},"query-input":{"@type":"PropertyValueSpecification","valueRequired":true,"valueName":"search_term_string"}}],"inLanguage":"de"}]}},"_links":{"self":[{"href":"https:\/\/www.angeltrust.at\/index.php?rest_route=\/wp\/v2\/pages\/3727","targetHints":{"allow":["GET"]}}],"collection":[{"href":"https:\/\/www.angeltrust.at\/index.php?rest_route=\/wp\/v2\/pages"}],"about":[{"href":"https:\/\/www.angeltrust.at\/index.php?rest_route=\/wp\/v2\/types\/page"}],"author":[{"embeddable":true,"href":"https:\/\/www.angeltrust.at\/index.php?rest_route=\/wp\/v2\/users\/3"}],"replies":[{"embeddable":true,"href":"https:\/\/www.angeltrust.at\/index.php?rest_route=%2Fwp%2Fv2%2Fcomments&post=3727"}],"version-history":[{"count":220,"href":"https:\/\/www.angeltrust.at\/index.php?rest_route=\/wp\/v2\/pages\/3727\/revisions"}],"predecessor-version":[{"id":9330,"href":"https:\/\/www.angeltrust.at\/index.php?rest_route=\/wp\/v2\/pages\/3727\/revisions\/9330"}],"wp:attachment":[{"href":"https:\/\/www.angeltrust.at\/index.php?rest_route=%2Fwp%2Fv2%2Fmedia&parent=3727"}],"curies":[{"name":"wp","href":"https:\/\/api.w.org\/{rel}","templated":true}]}}