{"id":8398,"date":"2022-07-06T21:36:57","date_gmt":"2022-07-06T19:36:57","guid":{"rendered":"https:\/\/www.angeltrust.at\/?page_id=8398"},"modified":"2026-04-15T15:28:19","modified_gmt":"2026-04-15T13:28:19","slug":"spiritualitaet","status":"publish","type":"page","link":"https:\/\/www.angeltrust.at\/?page_id=8398","title":{"rendered":"Spiritualit\u00e4t"},"content":{"rendered":"<div class=\"wpb-content-wrapper\"><p>[vc_row css=&#8220;.vc_custom_1657374864574{padding-right: 20px !important;padding-left: 20px !important;background-position: center !important;background-repeat: no-repeat !important;background-size: cover !important;}&#8220;][vc_column width=&#8220;1\/6&#8243;][\/vc_column][vc_column width=&#8220;2\/3&#8243;][vc_empty_space height=&#8220;20px&#8220;][vc_single_image image=&#8220;9189&#8243; img_size=&#8220;500&#215;250&#8243; alignment=&#8220;center&#8220;][vc_empty_space height=&#8220;40px&#8220;][vc_column_text]<\/p>\n<p style=\"text-align: justify;\"><span style=\"font-size: 12pt; font-family: Tahoma, Geneva, sans-serif; color: #333333;\">Wir verlassen den Bereich der Energetik und betreten die Welt der Spiritualit\u00e4t und des Schamanismus \u2013 ein Feld, das unabh\u00e4ngig von Religion ist und den Glauben an eine h\u00f6here, allgegenw\u00e4rtige Wirklichkeit beschreibt.<\/span><\/p>\n<p>&nbsp;<\/p>\n<p style=\"text-align: justify;\"><span style=\"font-size: 12pt; font-family: Tahoma, Geneva, sans-serif; color: #333333;\">Als Bef\u00fcrworterin der Wiedergeburt begleite ich nicht nur auf energetischer Ebene, sondern auch auf Seelenebene \u2013 bei Menschen ebenso wie bei Tieren.<\/span><\/p>\n<p>[\/vc_column_text][vc_empty_space height=&#8220;40px&#8220;][vc_column_text]<\/p>\n<h3 style=\"text-align: center;\"><span style=\"text-decoration: underline; color: #dda602;\"><span style=\"font-size: 36pt;\">Spiritualit\u00e4t<\/span><\/span><\/h3>\n<p>[\/vc_column_text][vc_empty_space height=&#8220;40px&#8220;][vc_column_text]<span style=\"font-size: 12pt; color: #333333; font-family: Tahoma, Geneva, sans-serif;\">Wie du auf der Seite <a href=\"https:\/\/www.angeltrust.at\/?page_id=3745\"><span style=\"text-decoration: underline;\">&#8222;\u00dcber Mich&#8220;<\/span><\/a> lesen konntest, besteht seit meiner Kindheit eine tiefe Verbindung zum G\u00f6ttlichen, aus der ich stets Halt und Vertrauen gesch\u00f6pft habe. Im Laufe der Zeit durfte ich auch die unterst\u00fctzende Pr\u00e4senz der Erzengel erfahren, die mich bis heute begleiten. Dieses Wissen und die Gewissheit, dass nichts im Leben zuf\u00e4llig ist und wir jederzeit Unterst\u00fctzung aus h\u00f6heren Ebenen erfahren d\u00fcrfen, m\u00f6chte ich weitergeben.<\/span><\/p>\n<p>&nbsp;<\/p>\n<p><span style=\"font-size: 12pt; color: #333333; font-family: Tahoma, Geneva, sans-serif;\">Den eigenen Seelenplan zu erkennen, dem pers\u00f6nlichen Lebensweg zu vertrauen und bewusst zu leben, schenkt Leichtigkeit, inneren Frieden und Bewusstsein.<\/span><\/p>\n<p>&nbsp;<\/p>\n<p><span style=\"font-size: 12pt; color: #333333; font-family: Tahoma, Geneva, sans-serif;\">Sanfte, feine und zugleich sehr wirkungsvolle Methoden unterst\u00fctzen dabei die achtsame Begleitung von dir selbst sowie von Kindern und Tieren.<\/span>[\/vc_column_text][vc_empty_space height=&#8220;40px&#8220;][vc_column_text]<\/p>\n<h3 style=\"text-align: center;\"><span style=\"text-decoration: underline; color: #dda602;\"><span style=\"font-size: 36pt;\">Schamanismus<\/span><\/span><\/h3>\n<p>[\/vc_column_text][vc_empty_space height=&#8220;40px&#8220;][vc_column_text]<span style=\"font-size: 12pt; font-family: Tahoma, Geneva, sans-serif; color: #333333;\">Durch meine Krankheitsgeschichte und mehrere lebensnahe Erfahrungen wurde mir jedoch bewusst, dass Spiritualit\u00e4t f\u00fcr mich etwas Erdigeres, Greifbareres braucht. Auf diesem Weg fand ich zum Schamanismus \u2013 als kraftvolle, tief verwurzelte Erg\u00e4nzung zur spirituellen Arbeit.<\/span><\/p>\n<p>&nbsp;<\/p>\n<p><span style=\"font-size: 12pt; font-family: Tahoma, Geneva, sans-serif; color: #333333;\">Lange Zeit war ich sehr \u201eluftig\u201c unterwegs und trug seit der pr\u00e4natalen Phase, meiner Geburt und im Laufe meines Lebens immer wieder das Thema des Beinahe-Sterbens in mir \u2013 mit dem Gef\u00fchl, \u201edort dr\u00fcben sei es sicherer\u201c. Diese Erfahrungen lie\u00dfen mich erkennen, dass es mir an Erdung und innerer Pr\u00e4senz im Menschsein fehlte. Genau dieser Erkenntnisweg f\u00fchrte mich zum Schamanismus.<\/span><\/p>\n<p>&nbsp;<\/p>\n<p><span style=\"font-size: 12pt; font-family: Tahoma, Geneva, sans-serif; color: #333333;\">Das half mir, mein Menschsein bewusst anzunehmen und meine Seele im K\u00f6rper zu beheimaten. Denn auf Seelenebene haben wir uns entschieden, als Menschen hier auf der Erde zu sein \u2013 mit individuellen Aufgaben, die es in diesem Leben zu erf\u00fcllen gilt.<\/span>[\/vc_column_text][vc_empty_space height=&#8220;40px&#8220;][vc_column_text]<span style=\"font-size: 12pt; font-family: Tahoma, Geneva, sans-serif; color: #333333;\">Der Schamanismus geht davon aus, dass alles beseelt ist. Daraus erw\u00e4chst ein bewusster, respektvoller und achtsamer Umgang mit allem, was uns umgibt \u2013 sichtbar wie unsichtbar.<\/span><\/p>\n<p>&nbsp;<\/p>\n<p><span style=\"font-size: 12pt; font-family: Tahoma, Geneva, sans-serif; color: #333333;\">Die Basis des schamanischen Wirkens bilden die Ahnen und unser Ahnenauftrag, das schamanische Medizinrad, das Verst\u00e4ndnis der drei Welten \u2013 Oberwelt, Mittelwelt und Unterwelt \u2013 sowie die tiefe, bewusste Verbindung zu Mutter Erde als tragende, n\u00e4hrende und ordnende Kraft.<\/span><\/p>\n<p>&nbsp;<\/p>\n<p><span style=\"font-size: 12pt; font-family: Tahoma, Geneva, sans-serif; color: #333333;\">Sehr magische, erdige und zugleich kraftvolle Rituale unterst\u00fctzen dabei eine tiefgehende und achtsame Begleitung.<\/span>[\/vc_column_text][vc_empty_space height=&#8220;60px&#8220;][\/vc_column][vc_column width=&#8220;1\/6&#8243; css=&#8220;.vc_custom_1657139548293{background-position: center !important;background-repeat: no-repeat !important;background-size: contain !important;}&#8220;][\/vc_column][\/vc_row][vc_row row_type=&#8220;parallax&#8220; content_width=&#8220;grid&#8220; content_aligment=&#8220;center&#8220; full_screen_section_height=&#8220;no&#8220;][vc_column width=&#8220;1\/3&#8243;][vc_single_image image=&#8220;9247&#8243; img_size=&#8220;450&#215;450&#8243; alignment=&#8220;center&#8220; onclick=&#8220;custom_link&#8220; link=&#8220;https:\/\/www.angeltrust.at\/?portfolio-item=ablauf-einer-behandlung&#8220; css=&#8220;.vc_custom_1769702573628{padding-top: 20px !important;padding-right: 20px !important;padding-bottom: 20px !important;padding-left: 20px !important;}&#8220;][vc_column_text]<\/p>\n<h3 style=\"text-align: center;\"><a href=\"https:\/\/www.angeltrust.at\/?portfolio-item=ablauf-einer-behandlung\">Ablauf einer Behandlung<\/a><\/h3>\n<p>[\/vc_column_text][\/vc_column][vc_column width=&#8220;1\/3&#8243;][vc_single_image image=&#8220;9270&#8243; img_size=&#8220;450&#215;450&#8243; alignment=&#8220;center&#8220; onclick=&#8220;custom_link&#8220; link=&#8220;https:\/\/www.angeltrust.at\/?portfolio-item=spiritualitaet-schamanismus&#8220; css=&#8220;.vc_custom_1769707349712{padding-top: 20px !important;padding-right: 20px !important;padding-bottom: 20px !important;padding-left: 20px !important;}&#8220;][vc_column_text]<\/p>\n<h3 style=\"text-align: center;\"><a href=\"https:\/\/www.angeltrust.at\/?portfolio-item=spiritualitaet-schamanismus\">Spiritualit\u00e4t &amp; Schamanismus<\/a><\/h3>\n<p>[\/vc_column_text][\/vc_column][vc_column width=&#8220;1\/3&#8243;][vc_single_image image=&#8220;9272&#8243; img_size=&#8220;450&#215;450&#8243; alignment=&#8220;center&#8220; onclick=&#8220;custom_link&#8220; link=&#8220;https:\/\/www.angeltrust.at\/?portfolio-item=hausreinigung-erdheilung&#8220; css=&#8220;.vc_custom_1769707782472{padding-top: 20px !important;padding-right: 20px !important;padding-bottom: 20px !important;padding-left: 20px !important;}&#8220;][vc_column_text]<\/p>\n<h3 style=\"text-align: center;\"><a href=\"https:\/\/www.angeltrust.at\/?portfolio-item=hausreinigung-erdheilung\">Hausreinigung &amp; Erdheilung<\/a><\/h3>\n<p>[\/vc_column_text][\/vc_column][\/vc_row][vc_row][vc_column][vc_empty_space][\/vc_column][\/vc_row][vc_row row_type=&#8220;parallax&#8220; content_width=&#8220;grid&#8220; content_aligment=&#8220;center&#8220; full_screen_section_height=&#8220;no&#8220;][vc_column width=&#8220;1\/6&#8243;][\/vc_column][vc_column width=&#8220;1\/3&#8243;][vc_single_image image=&#8220;9278&#8243; img_size=&#8220;450&#215;450&#8243; alignment=&#8220;center&#8220; onclick=&#8220;custom_link&#8220; link=&#8220;https:\/\/www.angeltrust.at\/?portfolio-item=gefuehrte-reise&#8220; css=&#8220;.vc_custom_1769769771208{padding-top: 20px !important;padding-right: 20px !important;padding-bottom: 20px !important;padding-left: 20px !important;}&#8220;][vc_column_text]<\/p>\n<h3 style=\"text-align: center;\"><a href=\"https:\/\/www.angeltrust.at\/?portfolio-item=gefuehrte-reise\">Schamanische Reise<\/a><\/h3>\n<p>[\/vc_column_text][\/vc_column][vc_column width=&#8220;1\/3&#8243;][vc_single_image image=&#8220;9282&#8243; img_size=&#8220;450&#215;450&#8243; alignment=&#8220;center&#8220; onclick=&#8220;custom_link&#8220; link=&#8220;https:\/\/www.angeltrust.at\/?portfolio-item=karmaloesung&#8220; css=&#8220;.vc_custom_1769771945360{padding-top: 20px !important;padding-right: 20px !important;padding-bottom: 20px !important;padding-left: 20px !important;}&#8220;][vc_column_text]<\/p>\n<h3 style=\"text-align: center;\"><a href=\"https:\/\/www.angeltrust.at\/?portfolio-item=karmaloesung\">Karmal\u00f6sung<\/a><\/h3>\n<p>[\/vc_column_text][\/vc_column][vc_column width=&#8220;1\/6&#8243;][\/vc_column][\/vc_row][vc_row css=&#8220;.vc_custom_1657374864574{padding-right: 20px !important;padding-left: 20px !important;background-position: center !important;background-repeat: no-repeat !important;background-size: cover !important;}&#8220;][vc_column width=&#8220;1\/6&#8243;][\/vc_column][vc_column width=&#8220;2\/3&#8243;][vc_empty_space height=&#8220;80px&#8220;][vc_empty_space height=&#8220;80px&#8220;][vc_column_text]<\/p>\n<h3 style=\"text-align: center;\"><span style=\"text-decoration: underline; font-size: 24pt;\"><span style=\"color: #dda602; text-decoration: underline;\">Preise<\/span><\/span><\/h3>\n<p>&nbsp;<\/p>\n<table style=\"border-collapse: collapse; width: 100%; height: 82px;\">\n<tbody>\n<tr style=\"height: 24px;\">\n<td style=\"width: 20.536561%; height: 24px;\"><span style=\"font-family: Tahoma, Geneva, sans-serif; font-size: 10pt; color: #333333;\">Stundensatz &#8211; 60 Minuten<\/span><\/td>\n<td style=\"width: 13.698956%; height: 24px;\"><span style=\"font-family: Tahoma, Geneva, sans-serif; font-size: 10pt; color: #333333;\">\u20ac 120,-<\/span><\/td>\n<td style=\"width: 30.223173%; height: 24px;\"><span style=\"text-decoration: underline; font-size: 10pt; font-family: Tahoma, Geneva, sans-serif; color: #333333;\"><a href=\"https:\/\/www.angeltrust.at\/?portfolio-item=aromaoelanwendung-2\">Raindrop-Balancing<\/a><\/span><\/td>\n<td style=\"width: 35.54131%; height: 24px;\"><span style=\"font-size: 10pt; font-family: Tahoma, Geneva, sans-serif; color: #333333;\">\u20ac 190,- f\u00fcr Erwachsene und gr\u00f6\u00dfere Tiere &#8211; 1,5 Stunden<br \/>\n\u20ac 140,- f\u00fcr Kinder und Kleintiere &#8211; 1 Stunde<\/span><\/td>\n<\/tr>\n<tr style=\"height: 24px;\">\n<td style=\"width: 20.536561%; height: 24px;\"><span style=\"font-family: Tahoma, Geneva, sans-serif; font-size: 10pt; color: #333333;\">2 Stunden &#8211; 120 Minuten<\/span><\/td>\n<td style=\"width: 13.698956%; height: 24px;\"><span style=\"font-family: Tahoma, Geneva, sans-serif; font-size: 10pt; color: #333333;\">\u20ac 220,-<\/span><\/td>\n<td style=\"width: 30.223173%; height: 24px;\"><span style=\"font-size: 10pt; font-family: Tahoma, Geneva, sans-serif; color: #333333;\"><a href=\"https:\/\/www.angeltrust.at\/?portfolio-item=hausreinigung-erdheilung\"><span style=\"text-decoration: underline;\">Hausreinigung und Erdheilung<\/span><\/a><br \/>\nje nach Aufwand und Gr\u00f6\u00dfe des Anwesens<\/span><\/td>\n<td style=\"width: 35.54131%; height: 24px;\"><span style=\"font-size: 10pt; font-family: Tahoma, Geneva, sans-serif; color: #333333;\">ab \u20ac 240,- ca. 2 Stunden<\/span><\/td>\n<\/tr>\n<tr style=\"height: 24px;\">\n<td style=\"width: 20.536561%; height: 10px;\"><span style=\"font-family: Tahoma, Geneva, sans-serif; font-size: 10pt; color: #333333;\">3 Stunden &#8211; 180 Minuten<\/span><\/td>\n<td style=\"width: 13.698956%; height: 10px;\"><span style=\"font-family: Tahoma, Geneva, sans-serif; font-size: 10pt; color: #333333;\">\u20ac 300,-<\/span><\/td>\n<td style=\"width: 30.223173%; height: 10px;\"><span style=\"font-size: 10pt; font-family: Tahoma, Geneva, sans-serif; color: #333333; text-decoration: underline;\"><a href=\"https:\/\/www.angeltrust.at\/?page_id=8618\">Kristallklangbad<\/a><\/span><\/td>\n<td style=\"width: 35.54131%; height: 10px;\"><span style=\"font-size: 10pt; font-family: Tahoma, Geneva, sans-serif; color: #333333;\">\u20ac 145,- gesamt 90 Minuten<\/span><\/td>\n<\/tr>\n<tr style=\"height: 24px;\">\n<td style=\"width: 20.536561%; height: 24px;\"><span style=\"font-family: Tahoma, Geneva, sans-serif; font-size: 10pt; color: #333333;\">1\/2 Stunde (ab der 15. Minute)<\/span><\/td>\n<td style=\"width: 13.698956%; height: 24px;\"><span style=\"font-family: Tahoma, Geneva, sans-serif; font-size: 10pt; color: #333333;\">\u20ac 50,-<\/span><\/td>\n<td style=\"width: 30.223173%; height: 24px;\"><span style=\"font-family: Tahoma, Geneva, sans-serif; font-size: 10pt; color: #333333;\">Kilometergeld &#8211; ab 5 km<\/span><\/td>\n<td style=\"width: 35.54131%; height: 24px;\"><span style=\"font-family: Tahoma, Geneva, sans-serif; font-size: 10pt; color: #333333;\">\u20ac 0,90<\/span><\/td>\n<\/tr>\n<\/tbody>\n<\/table>\n<p>[\/vc_column_text][vc_empty_space height=&#8220;60px&#8220;][\/vc_column][vc_column width=&#8220;1\/6&#8243; css=&#8220;.vc_custom_1657139548293{background-position: center !important;background-repeat: no-repeat !important;background-size: contain !important;}&#8220;][\/vc_column][\/vc_row][vc_row][vc_column][vc_empty_space height=&#8220;50&#8243;][\/vc_column][\/vc_row]<\/p>\n<\/div>","protected":false},"excerpt":{"rendered":"<p>[vc_row css=&#8220;.vc_custom_1657374864574{padding-right: 20px !important;padding-left: 20px !important;background-position: center !important;background-repeat: no-repeat !important;background-size: cover !important;}&#8220;][vc_column width=&#8220;1\/6&#8243;][\/vc_column][vc_column width=&#8220;2\/3&#8243;][vc_empty_space height=&#8220;20px&#8220;][vc_single_image image=&#8220;9189&#8243; img_size=&#8220;500&#215;250&#8243; alignment=&#8220;center&#8220;][vc_empty_space height=&#8220;40px&#8220;][vc_column_text] Wir verlassen den Bereich der Energetik und betreten die Welt der Spiritualit\u00e4t und des Schamanismus \u2013 ein Feld, das unabh\u00e4ngig von Religion ist und den Glauben&#8230;<\/p>\n","protected":false},"author":3,"featured_media":0,"parent":0,"menu_order":0,"comment_status":"closed","ping_status":"closed","template":"full-width.php","meta":{"footnotes":""},"class_list":["post-8398","page","type-page","status-publish","hentry"],"yoast_head":"<!-- This site is optimized with the Yoast SEO plugin v25.8 - https:\/\/yoast.com\/wordpress\/plugins\/seo\/ -->\n<title>Spiritualit\u00e4t und Schamanismus - deinen Seelenplan erkennen, dem pers\u00f6nlichen Lebensweg vertrauen und bewusst zu leben.<\/title>\n<meta name=\"description\" content=\"Von der spirituellen, g\u00f6ttlichen Anbindung \u00fcber das bewusste Ankommen im irdischen Leben bis zur achtsamen Arbeit mit den Themen der unteren Welt \u2013 f\u00fcr Ganzheit, Erdung und inneren Halt.\" \/>\n<meta name=\"robots\" content=\"index, follow, max-snippet:-1, max-image-preview:large, max-video-preview:-1\" \/>\n<link rel=\"canonical\" href=\"https:\/\/www.angeltrust.at\/?page_id=8398\" \/>\n<meta property=\"og:locale\" content=\"de_DE\" \/>\n<meta property=\"og:type\" content=\"article\" \/>\n<meta property=\"og:title\" content=\"Spiritualit\u00e4t und Schamanismus - deinen Seelenplan erkennen, dem pers\u00f6nlichen Lebensweg vertrauen und bewusst zu leben.\" \/>\n<meta property=\"og:description\" content=\"Von der spirituellen, g\u00f6ttlichen Anbindung \u00fcber das bewusste Ankommen im irdischen Leben bis zur achtsamen Arbeit mit den Themen der unteren Welt \u2013 f\u00fcr Ganzheit, Erdung und inneren Halt.\" \/>\n<meta property=\"og:url\" content=\"https:\/\/www.angeltrust.at\/?page_id=8398\" \/>\n<meta property=\"og:site_name\" content=\"angeltrust.at\" \/>\n<meta property=\"article:publisher\" content=\"https:\/\/www.facebook.com\/angeltrust.at\/?fref=ts\" \/>\n<meta property=\"article:modified_time\" content=\"2026-04-15T13:28:19+00:00\" \/>\n<meta name=\"twitter:card\" content=\"summary_large_image\" \/>\n<meta name=\"twitter:label1\" content=\"Gesch\u00e4tzte Lesezeit\" \/>\n\t<meta name=\"twitter:data1\" content=\"4\u00a0Minuten\" \/>\n<script type=\"application\/ld+json\" class=\"yoast-schema-graph\">{\"@context\":\"https:\/\/schema.org\",\"@graph\":[{\"@type\":\"WebPage\",\"@id\":\"https:\/\/www.angeltrust.at\/?page_id=8398\",\"url\":\"https:\/\/www.angeltrust.at\/?page_id=8398\",\"name\":\"Spiritualit\u00e4t und Schamanismus - deinen Seelenplan erkennen, dem pers\u00f6nlichen Lebensweg vertrauen und bewusst zu leben.\",\"isPartOf\":{\"@id\":\"https:\/\/www.angeltrust.at\/#website\"},\"datePublished\":\"2022-07-06T19:36:57+00:00\",\"dateModified\":\"2026-04-15T13:28:19+00:00\",\"description\":\"Von der spirituellen, g\u00f6ttlichen Anbindung \u00fcber das bewusste Ankommen im irdischen Leben bis zur achtsamen Arbeit mit den Themen der unteren Welt \u2013 f\u00fcr Ganzheit, Erdung und inneren Halt.\",\"breadcrumb\":{\"@id\":\"https:\/\/www.angeltrust.at\/?page_id=8398#breadcrumb\"},\"inLanguage\":\"de\",\"potentialAction\":[{\"@type\":\"ReadAction\",\"target\":[\"https:\/\/www.angeltrust.at\/?page_id=8398\"]}]},{\"@type\":\"BreadcrumbList\",\"@id\":\"https:\/\/www.angeltrust.at\/?page_id=8398#breadcrumb\",\"itemListElement\":[{\"@type\":\"ListItem\",\"position\":1,\"name\":\"Startseite\",\"item\":\"https:\/\/www.angeltrust.at\/\"},{\"@type\":\"ListItem\",\"position\":2,\"name\":\"Spiritualit\u00e4t\"}]},{\"@type\":\"WebSite\",\"@id\":\"https:\/\/www.angeltrust.at\/#website\",\"url\":\"https:\/\/www.angeltrust.at\/\",\"name\":\"angeltrust.at\",\"description\":\"Corinna Maria Landauer-Fetbauer\",\"potentialAction\":[{\"@type\":\"SearchAction\",\"target\":{\"@type\":\"EntryPoint\",\"urlTemplate\":\"https:\/\/www.angeltrust.at\/?s={search_term_string}\"},\"query-input\":{\"@type\":\"PropertyValueSpecification\",\"valueRequired\":true,\"valueName\":\"search_term_string\"}}],\"inLanguage\":\"de\"}]}<\/script>\n<!-- \/ Yoast SEO plugin. -->","yoast_head_json":{"title":"Spiritualit\u00e4t und Schamanismus - deinen Seelenplan erkennen, dem pers\u00f6nlichen Lebensweg vertrauen und bewusst zu leben.","description":"Von der spirituellen, g\u00f6ttlichen Anbindung \u00fcber das bewusste Ankommen im irdischen Leben bis zur achtsamen Arbeit mit den Themen der unteren Welt \u2013 f\u00fcr Ganzheit, Erdung und inneren Halt.","robots":{"index":"index","follow":"follow","max-snippet":"max-snippet:-1","max-image-preview":"max-image-preview:large","max-video-preview":"max-video-preview:-1"},"canonical":"https:\/\/www.angeltrust.at\/?page_id=8398","og_locale":"de_DE","og_type":"article","og_title":"Spiritualit\u00e4t und Schamanismus - deinen Seelenplan erkennen, dem pers\u00f6nlichen Lebensweg vertrauen und bewusst zu leben.","og_description":"Von der spirituellen, g\u00f6ttlichen Anbindung \u00fcber das bewusste Ankommen im irdischen Leben bis zur achtsamen Arbeit mit den Themen der unteren Welt \u2013 f\u00fcr Ganzheit, Erdung und inneren Halt.","og_url":"https:\/\/www.angeltrust.at\/?page_id=8398","og_site_name":"angeltrust.at","article_publisher":"https:\/\/www.facebook.com\/angeltrust.at\/?fref=ts","article_modified_time":"2026-04-15T13:28:19+00:00","twitter_card":"summary_large_image","twitter_misc":{"Gesch\u00e4tzte Lesezeit":"4\u00a0Minuten"},"schema":{"@context":"https:\/\/schema.org","@graph":[{"@type":"WebPage","@id":"https:\/\/www.angeltrust.at\/?page_id=8398","url":"https:\/\/www.angeltrust.at\/?page_id=8398","name":"Spiritualit\u00e4t und Schamanismus - deinen Seelenplan erkennen, dem pers\u00f6nlichen Lebensweg vertrauen und bewusst zu leben.","isPartOf":{"@id":"https:\/\/www.angeltrust.at\/#website"},"datePublished":"2022-07-06T19:36:57+00:00","dateModified":"2026-04-15T13:28:19+00:00","description":"Von der spirituellen, g\u00f6ttlichen Anbindung \u00fcber das bewusste Ankommen im irdischen Leben bis zur achtsamen Arbeit mit den Themen der unteren Welt \u2013 f\u00fcr Ganzheit, Erdung und inneren Halt.","breadcrumb":{"@id":"https:\/\/www.angeltrust.at\/?page_id=8398#breadcrumb"},"inLanguage":"de","potentialAction":[{"@type":"ReadAction","target":["https:\/\/www.angeltrust.at\/?page_id=8398"]}]},{"@type":"BreadcrumbList","@id":"https:\/\/www.angeltrust.at\/?page_id=8398#breadcrumb","itemListElement":[{"@type":"ListItem","position":1,"name":"Startseite","item":"https:\/\/www.angeltrust.at\/"},{"@type":"ListItem","position":2,"name":"Spiritualit\u00e4t"}]},{"@type":"WebSite","@id":"https:\/\/www.angeltrust.at\/#website","url":"https:\/\/www.angeltrust.at\/","name":"angeltrust.at","description":"Corinna Maria Landauer-Fetbauer","potentialAction":[{"@type":"SearchAction","target":{"@type":"EntryPoint","urlTemplate":"https:\/\/www.angeltrust.at\/?s={search_term_string}"},"query-input":{"@type":"PropertyValueSpecification","valueRequired":true,"valueName":"search_term_string"}}],"inLanguage":"de"}]}},"_links":{"self":[{"href":"https:\/\/www.angeltrust.at\/index.php?rest_route=\/wp\/v2\/pages\/8398","targetHints":{"allow":["GET"]}}],"collection":[{"href":"https:\/\/www.angeltrust.at\/index.php?rest_route=\/wp\/v2\/pages"}],"about":[{"href":"https:\/\/www.angeltrust.at\/index.php?rest_route=\/wp\/v2\/types\/page"}],"author":[{"embeddable":true,"href":"https:\/\/www.angeltrust.at\/index.php?rest_route=\/wp\/v2\/users\/3"}],"replies":[{"embeddable":true,"href":"https:\/\/www.angeltrust.at\/index.php?rest_route=%2Fwp%2Fv2%2Fcomments&post=8398"}],"version-history":[{"count":60,"href":"https:\/\/www.angeltrust.at\/index.php?rest_route=\/wp\/v2\/pages\/8398\/revisions"}],"predecessor-version":[{"id":9331,"href":"https:\/\/www.angeltrust.at\/index.php?rest_route=\/wp\/v2\/pages\/8398\/revisions\/9331"}],"wp:attachment":[{"href":"https:\/\/www.angeltrust.at\/index.php?rest_route=%2Fwp%2Fv2%2Fmedia&parent=8398"}],"curies":[{"name":"wp","href":"https:\/\/api.w.org\/{rel}","templated":true}]}}