{"id":9363,"date":"2026-04-15T15:20:10","date_gmt":"2026-04-15T13:20:10","guid":{"rendered":"https:\/\/www.angeltrust.at\/?page_id=9363"},"modified":"2026-04-15T15:45:08","modified_gmt":"2026-04-15T13:45:08","slug":"in-der-stille-liegt-deine-kraft","status":"publish","type":"page","link":"https:\/\/www.angeltrust.at\/?page_id=9363","title":{"rendered":"In der Stille liegt deine Kraft"},"content":{"rendered":"<div class=\"wpb-content-wrapper\"><p>[vc_row css=&#8220;.vc_custom_1658842670743{background-position: center !important;background-repeat: no-repeat !important;background-size: cover !important;}&#8220;][vc_column width=&#8220;1\/6&#8243;][\/vc_column][vc_column width=&#8220;2\/3&#8243;][vc_empty_space height=&#8220;20px&#8220;][vc_single_image image=&#8220;9215&#8243; img_size=&#8220;500&#215;250&#8243; alignment=&#8220;center&#8220;][vc_empty_space height=&#8220;40px&#8220;][vc_column_text css=&#8220;.vc_custom_1769354030616{padding-right: 20px !important;padding-left: 20px !important;}&#8220;]<\/p>\n<p style=\"text-align: justify;\"><span style=\"color: #333333;\"><span style=\"font-size: 12pt; font-family: Tahoma, Geneva, sans-serif;\">\u201eIn der Stille liegt deine Kraft\u201c ist aus einer leisen, tiefen Eingebung geboren \u2013 aus dem Wunsch, einen Raum zu schaffen, in dem du zur Ruhe kommen darfst, dir selbst begegnest und dich wieder mit deiner inneren Urkraft verbindest.<\/span> <span style=\"font-size: 12pt; font-family: Tahoma, Geneva, sans-serif;\">Einen Raum, in dem nichts getan werden muss, sondern Sein gen\u00fcgt.<\/span> <span style=\"font-size: 12pt; font-family: Tahoma, Geneva, sans-serif;\">Hier darfst du loslassen, dich fallen lassen und dich erinnern, wer du jenseits aller Rollen und Erwartungen wirklich bist.<\/span><\/span><\/p>\n<p>&nbsp;<\/p>\n<p style=\"text-align: justify;\"><span style=\"font-size: 12pt; font-family: Tahoma, Geneva, sans-serif; color: #333333;\">Im Gegensatz zu <span style=\"text-decoration: underline;\"><a href=\"https:\/\/www.angeltrust.at\/?page_id=3727\">Humanenergetik<\/a><\/span> oder <span style=\"text-decoration: underline;\"><a href=\"https:\/\/www.angeltrust.at\/?page_id=8398\">Spiritualit\u00e4t<\/a><\/span>, bei der wir gemeinsam bewusst energetische oder seelische Themen betrachten, \u00f6ffnet sich hier ein anderer Weg: der Weg der Selbstwirksamkeit im Sein \u2013 still, achtsam und aus deiner eigenen Tiefe heraus.<\/span><\/p>\n<p>&nbsp;<\/p>\n<p style=\"text-align: justify;\"><span style=\"font-size: 12pt; font-family: Tahoma, Geneva, sans-serif; color: #333333;\">Aus dieser Herzensvision sind meine <strong>Kristallklangb\u00e4der<\/strong> sowie <strong data-start=\"875\" data-end=\"899\">\u201eDein heiliger Raum\u201c<\/strong> entstanden.<\/span><\/p>\n<p>&nbsp;<\/p>\n<p style=\"text-align: justify;\"><span style=\"font-size: 12pt; font-family: Tahoma, Geneva, sans-serif; color: #333333;\">Liebevoll gehaltene Erfahrungsr\u00e4ume, die dich einladen, in Schwingung, Stille und Bewusstsein einzutauchen und dich von innen heraus ber\u00fchren zu lassen.<\/span><\/p>\n<p>[\/vc_column_text][vc_empty_space height=&#8220;60px&#8220;][vc_column_text css=&#8220;.vc_custom_1769353052981{padding-right: 20px !important;padding-left: 20px !important;}&#8220;]<\/p>\n<h3 style=\"text-align: center;\"><span style=\"text-decoration: underline; color: #d6a319;\"><span style=\"font-size: 36pt;\">Kristall-Klang-Bad<\/span><\/span><\/h3>\n<p>[\/vc_column_text][vc_empty_space height=&#8220;40px&#8220;][vc_column_text css=&#8220;.vc_custom_1769356086358{padding-right: 20px !important;padding-left: 20px !important;}&#8220;]<\/p>\n<p style=\"text-align: justify;\"><span style=\"font-size: 12pt; font-family: Tahoma, Geneva, sans-serif; color: #333333;\">Tauche ein in eine Welt der tief gehenden Entspannung und lass dich von den sanften, aber kraftvollen Kl\u00e4ngen der Kristallklangschalen tragen. Dein Innerstes wird ber\u00fchrt und ausgeglichen, deine innewohnende Kraft erwacht und wird gest\u00e4rkt.<\/span><\/p>\n<p>&nbsp;<\/p>\n<p style=\"text-align: justify;\"><span style=\"font-size: 12pt; font-family: Tahoma, Geneva, sans-serif; color: #333333;\">In einer Zeit des Informations\u00fcberflusses und der \u00e4u\u00dferen Reiz\u00fcberflutung schenken dir die Frequenzen der Kristalle einen Ort der Stille.<\/span><\/p>\n<p>&nbsp;<\/p>\n<p style=\"text-align: justify;\"><span style=\"font-size: 12pt; font-family: Tahoma, Geneva, sans-serif; color: #333333;\">Die kristallinen Schwingungen k\u00f6nnen dabei helfen, Blockaden zu l\u00f6sen, die Selbstheilungskr\u00e4fte zu aktivieren und innere Unruhe sanft abklingen zu lassen. Deine Sinne \u00f6ffnen sich, dein Geist wird still, und du kommst in Verbindung mit deinem wahren Selbst und deiner inneren Kraft.<\/span><\/p>\n<p>&nbsp;<\/p>\n<p style=\"text-align: justify;\"><span style=\"font-size: 12pt; font-family: Tahoma, Geneva, sans-serif; color: #333333;\">Ein Gef\u00fchl von Frieden, Ausgeglichenheit und tiefer Regeneration breitet sich aus.<\/span> <span style=\"font-size: 12pt; font-family: Tahoma, Geneva, sans-serif; color: #333333;\">So entfaltet sich eine Reise nach innen, die K\u00f6rper, Geist und Seele in Einklang bringt \u2013 getragen von Ruhe, Leichtigkeit und sanfter Wandlung.<\/span> <span style=\"font-size: 12pt; font-family: Tahoma, Geneva, sans-serif; color: #333333;\">Du darfst dich fallen lassen, dich tragen lassen und gest\u00e4rkt, klarer und neu ausgerichtet wieder auftauchen.<\/span><\/p>\n<p>[\/vc_column_text][vc_empty_space height=&#8220;40px&#8220;][vc_single_image image=&#8220;9241&#8243; img_size=&#8220;500&#215;250&#8243; alignment=&#8220;center&#8220;][vc_empty_space height=&#8220;40px&#8220;][vc_column_text css=&#8220;.vc_custom_1769356541962{padding-right: 20px !important;padding-left: 20px !important;}&#8220;]<\/p>\n<h3 style=\"text-align: left;\"><span style=\"text-decoration: underline; color: #dda602;\"><span style=\"font-size: 18pt;\">Ablauf und Preis<\/span><\/span><\/h3>\n<p>[\/vc_column_text][vc_column_text css=&#8220;.vc_custom_1772539023858{padding-right: 20px !important;padding-left: 20px !important;}&#8220;]<span style=\"font-size: 12pt; font-family: Tahoma, Geneva, sans-serif; color: #333333;\">Wir beginnen mit einer Tasse Tee zum Ankommen und Entschleunigen.<\/span><\/p>\n<p>&nbsp;<\/p>\n<p><span style=\"font-family: Tahoma, Geneva, sans-serif; color: #333333;\"><span style=\"font-size: 12pt;\">Im gesch\u00fctzten Healing-Dom \u00f6ffne ich mit Rainstick-Rasseln, achtsamem Abr\u00e4ucher und sanften Ber\u00fchrungen dein Energiefeld, bevor du dich in dein ganz pers\u00f6nliches, intuitiv f\u00fcr dich abgestimmtes Kristallklangbad fallen lassen darfst. <\/span><span style=\"font-size: 12pt;\">Eine Zeit, in der du nichts tun musst \u2013 au\u00dfer zu empfangen.<\/span><\/span><\/p>\n<p>&nbsp;<\/p>\n<p><span style=\"text-decoration: underline; font-family: Tahoma, Geneva, sans-serif; color: #333333;\"><span style=\"font-size: 12pt;\">Dauer ca. 90 Minuten \u2013 \u20ac 145,-<\/span><\/span><\/p>\n<p><span style=\"font-family: Tahoma, Geneva, sans-serif; color: #333333;\"><strong><span style=\"font-size: 12pt;\">Auch als Gutschein erh\u00e4ltlich!<\/span><\/strong><\/span><\/p>\n<p><span style=\"font-size: 12pt; font-family: Tahoma, Geneva, sans-serif; color: #333333;\">Bitte bringe eine Trinkflasche (m\u00f6glichst nicht aus Plastik) mit.<\/span>[\/vc_column_text][vc_empty_space height=&#8220;40px&#8220;][vc_column_text css=&#8220;.vc_custom_1774196574207{padding-right: 20px !important;padding-left: 20px !important;}&#8220;]<\/p>\n<h3><span style=\"color: #dda602; font-size: 18pt;\"><u>Termine im <a href=\"https:\/\/derbaum.net\">Seminarzentrum &#8222;der Baum&#8220;<\/a><\/u><\/span><\/h3>\n<p><span style=\"font-size: 12pt; font-family: Tahoma, Geneva, sans-serif; color: #333333;\">am Inlingsbach 17, 4565 Inzersdorf im Kremstal<\/span><\/p>\n<p>&nbsp;<\/p>\n<p><span style=\"font-size: 12pt; font-family: Tahoma, Geneva, sans-serif; color: #333333;\">05.05.2026 &#8211; <a href=\"https:\/\/fb.me\/e\/5zO9pwnMw\"><span style=\"text-decoration: underline;\">zur Veranstaltung<\/span><\/a> &#8211; ausgebucht<br \/>\n14.07.2026 &#8211; <a href=\"https:\/\/fb.me\/e\/5ymXRqE04\"><span style=\"text-decoration: underline;\">zur Veranstaltung<\/span><\/a><\/span><\/p>\n<p>&nbsp;<\/p>\n<p><span style=\"font-family: Tahoma, Geneva, sans-serif; color: #333333;\"><span style=\"font-size: 12pt;\">Termin f\u00fcr dein ganz pers\u00f6nliches und individuelles Klang-Erlebnis, bitte nach Vereinbarung (von 10:00 bis 20:00).<br \/>\n<\/span><\/span><span style=\"font-family: Tahoma, Geneva, sans-serif; color: #333333;\"><span style=\"font-size: 12pt;\">Gerne \u00fcber mein <a href=\"https:\/\/www.angeltrust.at\/?page_id=1186\"><span style=\"text-decoration: underline;\">Kontaktformular.<\/span><\/a><\/span><\/span>[\/vc_column_text][vc_empty_space height=&#8220;40px&#8220;][vc_column_text css=&#8220;.vc_custom_1769357018706{padding-right: 20px !important;padding-left: 20px !important;}&#8220;]<span style=\"text-decoration: underline;\"><span style=\"color: #333333; font-size: 12pt; font-family: Tahoma, Geneva, sans-serif; text-decoration: underline;\">Dein ganz pers\u00f6nliches Kristall-Klang-Bad ist nun auch ONLINE erlebbar!<\/span><\/span><\/p>\n<p>&nbsp;<\/p>\n<p><span style=\"font-size: 12pt; font-family: Tahoma, Geneva, sans-serif; color: #333333;\">Auch wenn die besondere Klangqualit\u00e4t des Healing-Doms, das gemeinsame Ankommen bei einer Tasse Tee und die sanften Ber\u00fchrungen vor Ort online nicht sp\u00fcrbar sind, erh\u00e4ltst du als liebevollen Ausgleich dein pers\u00f6nliches Kristallklangbad als Audio zum Nachh\u00f6ren.<\/span><\/p>\n<p>&nbsp;<\/p>\n<p><span style=\"font-size: 12pt; font-family: Tahoma, Geneva, sans-serif; color: #333333;\">Vereinbare daf\u00fcr einfach deinen individuellen Termin &#8211; gerne \u00fcber mein <a href=\"https:\/\/www.angeltrust.at\/?page_id=1186\"><span style=\"text-decoration: underline;\">Kontaktformular.<\/span><\/a><\/span>[\/vc_column_text][vc_empty_space height=&#8220;60px&#8220;][vc_column_text css=&#8220;.vc_custom_1769355880270{padding-right: 20px !important;padding-left: 20px !important;}&#8220;]<\/p>\n<h3 style=\"text-align: center;\"><span style=\"text-decoration: underline; color: #d6a319; font-size: 36pt;\">Dein heiliger Raum<\/span><\/h3>\n<p>[\/vc_column_text][vc_empty_space height=&#8220;40px&#8220;][vc_single_image image=&#8220;9237&#8243; img_size=&#8220;500&#215;250&#8243; alignment=&#8220;center&#8220;][vc_empty_space height=&#8220;40px&#8220;][vc_column_text css=&#8220;.vc_custom_1773937074279{padding-right: 20px !important;padding-left: 20px !important;}&#8220;]<\/p>\n<p style=\"text-align: justify;\"><span style=\"font-size: 12pt; font-family: Tahoma, Geneva, sans-serif; color: #333333;\">Dein heiliger Raum ist ein Ort, den ich f\u00fcr dich halte \u2013 und gleichzeitig ein Raum, den du in dir selbst wiederfinden kannst. Ein Raum, in dem du zur Ruhe kommst, dich sp\u00fcrst und einfach sein darfst.<\/span><\/p>\n<p>&nbsp;<\/p>\n<p style=\"text-align: justify;\"><span style=\"font-size: 12pt; font-family: Tahoma, Geneva, sans-serif; color: #333333;\">Du bist eingeladen, in die Stille zu lauschen und deinen inneren heiligen Raum zu entdecken \u2013 jenen Ort tief in dir, in deinem Kern, deinem Ursprung, deinem Sein. Es geht nicht darum, etwas zu erreichen oder zu \u201eoptimieren\u201c. Vielmehr geht es darum, dich wieder mit dem zu verbinden, was bereits in dir da ist: deine innere Kraft, deine Wahrnehmung, deine Wahrhaftigkeit, mit deinen ganz eigenen F\u00e4higkeiten.<\/span><\/p>\n<p>[\/vc_column_text][vc_empty_space height=&#8220;40px&#8220;][vc_column_text css=&#8220;.vc_custom_1776259162215{padding-right: 20px !important;padding-left: 20px !important;}&#8220;]<\/p>\n<p style=\"text-align: justify;\"><span style=\"font-size: 12pt; font-family: Tahoma, Geneva, sans-serif; color: #333333;\">Durch Meditationsabende, Gruppenr\u00e4ume und <a href=\"https:\/\/www.angeltrust.at\/?page_id=8618\"><span style=\"text-decoration: underline;\">Retreats<\/span><\/a> entsteht eine besondere Atmosph\u00e4re, in der du dich selbst neu entdecken und entfalten kannst. <\/span><span style=\"font-size: 12pt; font-family: Tahoma, Geneva, sans-serif; color: #333333;\">Je nachdem welche Energie oder welches Thema gerade im Vordergrund steht, wirst du durch ein achtsam gef\u00fchrtes, wertvolles Erlebnis getragen.<\/span><\/p>\n<p>&nbsp;<\/p>\n<p style=\"text-align: justify;\"><span style=\"font-size: 12pt; font-family: Tahoma, Geneva, sans-serif; color: #333333;\">Es darf leicht sein.<\/span><br \/>\n<span style=\"font-size: 12pt; font-family: Tahoma, Geneva, sans-serif; color: #333333;\">Still. Klar. Echt.<\/span><\/p>\n<p>&nbsp;<\/p>\n<p style=\"text-align: justify;\"><span style=\"font-size: 12pt; font-family: Tahoma, Geneva, sans-serif; color: #333333;\">Dein heiliger Raum ist keine Methode, sondern eine Erfahrung.<\/span><br \/>\n<span style=\"font-size: 12pt; font-family: Tahoma, Geneva, sans-serif; color: #333333;\">Eine Einladung, dir selbst wieder n\u00e4her zu kommen.<\/span><\/p>\n<p>[\/vc_column_text][\/vc_column][vc_column width=&#8220;1\/6&#8243;][\/vc_column][\/vc_row][vc_row][vc_column][vc_empty_space height=&#8220;60&#8243;][\/vc_column][\/vc_row]<\/p>\n<\/div>","protected":false},"excerpt":{"rendered":"<p>[vc_row css=&#8220;.vc_custom_1658842670743{background-position: center !important;background-repeat: no-repeat !important;background-size: cover !important;}&#8220;][vc_column width=&#8220;1\/6&#8243;][\/vc_column][vc_column width=&#8220;2\/3&#8243;][vc_empty_space height=&#8220;20px&#8220;][vc_single_image image=&#8220;9215&#8243; img_size=&#8220;500&#215;250&#8243; alignment=&#8220;center&#8220;][vc_empty_space height=&#8220;40px&#8220;][vc_column_text css=&#8220;.vc_custom_1769354030616{padding-right: 20px !important;padding-left: 20px !important;}&#8220;] \u201eIn der Stille liegt deine Kraft\u201c ist aus einer leisen, tiefen Eingebung geboren \u2013 aus dem Wunsch, einen Raum zu schaffen, in dem du zur&#8230;<\/p>\n","protected":false},"author":3,"featured_media":0,"parent":0,"menu_order":0,"comment_status":"closed","ping_status":"closed","template":"full-width.php","meta":{"footnotes":""},"class_list":["post-9363","page","type-page","status-publish","hentry"],"yoast_head":"<!-- This site is optimized with the Yoast SEO plugin v25.8 - https:\/\/yoast.com\/wordpress\/plugins\/seo\/ -->\n<title>In der Stille liegt deine Kraft - Kristallklangbad, &quot;Dein heiliger Raum&quot;<\/title>\n<meta name=\"description\" content=\"Raum zum Ankommen, Loslassen und zu dir selbst zur\u00fcckzukehren. Ein Raum, in dem dein Licht erstrahlen und deine Wahrhaftigkeit sichtbar werden darf.\" \/>\n<meta name=\"robots\" content=\"index, follow, max-snippet:-1, max-image-preview:large, max-video-preview:-1\" \/>\n<link rel=\"canonical\" href=\"https:\/\/www.angeltrust.at\/?page_id=9363\" \/>\n<meta property=\"og:locale\" content=\"de_DE\" \/>\n<meta property=\"og:type\" content=\"article\" \/>\n<meta property=\"og:title\" content=\"In der Stille liegt deine Kraft - Kristallklangbad, &quot;Dein heiliger Raum&quot;\" \/>\n<meta property=\"og:description\" content=\"Raum zum Ankommen, Loslassen und zu dir selbst zur\u00fcckzukehren. Ein Raum, in dem dein Licht erstrahlen und deine Wahrhaftigkeit sichtbar werden darf.\" \/>\n<meta property=\"og:url\" content=\"https:\/\/www.angeltrust.at\/?page_id=9363\" \/>\n<meta property=\"og:site_name\" content=\"angeltrust.at\" \/>\n<meta property=\"article:publisher\" content=\"https:\/\/www.facebook.com\/angeltrust.at\/?fref=ts\" \/>\n<meta property=\"article:modified_time\" content=\"2026-04-15T13:45:08+00:00\" \/>\n<meta name=\"twitter:card\" content=\"summary_large_image\" \/>\n<meta name=\"twitter:label1\" content=\"Gesch\u00e4tzte Lesezeit\" \/>\n\t<meta name=\"twitter:data1\" content=\"5\u00a0Minuten\" \/>\n<script type=\"application\/ld+json\" class=\"yoast-schema-graph\">{\"@context\":\"https:\/\/schema.org\",\"@graph\":[{\"@type\":\"WebPage\",\"@id\":\"https:\/\/www.angeltrust.at\/?page_id=9363\",\"url\":\"https:\/\/www.angeltrust.at\/?page_id=9363\",\"name\":\"In der Stille liegt deine Kraft - Kristallklangbad, \\\"Dein heiliger Raum\\\"\",\"isPartOf\":{\"@id\":\"https:\/\/www.angeltrust.at\/#website\"},\"datePublished\":\"2026-04-15T13:20:10+00:00\",\"dateModified\":\"2026-04-15T13:45:08+00:00\",\"description\":\"Raum zum Ankommen, Loslassen und zu dir selbst zur\u00fcckzukehren. Ein Raum, in dem dein Licht erstrahlen und deine Wahrhaftigkeit sichtbar werden darf.\",\"breadcrumb\":{\"@id\":\"https:\/\/www.angeltrust.at\/?page_id=9363#breadcrumb\"},\"inLanguage\":\"de\",\"potentialAction\":[{\"@type\":\"ReadAction\",\"target\":[\"https:\/\/www.angeltrust.at\/?page_id=9363\"]}]},{\"@type\":\"BreadcrumbList\",\"@id\":\"https:\/\/www.angeltrust.at\/?page_id=9363#breadcrumb\",\"itemListElement\":[{\"@type\":\"ListItem\",\"position\":1,\"name\":\"Startseite\",\"item\":\"https:\/\/www.angeltrust.at\/\"},{\"@type\":\"ListItem\",\"position\":2,\"name\":\"In der Stille liegt deine Kraft\"}]},{\"@type\":\"WebSite\",\"@id\":\"https:\/\/www.angeltrust.at\/#website\",\"url\":\"https:\/\/www.angeltrust.at\/\",\"name\":\"angeltrust.at\",\"description\":\"Corinna Maria Landauer-Fetbauer\",\"potentialAction\":[{\"@type\":\"SearchAction\",\"target\":{\"@type\":\"EntryPoint\",\"urlTemplate\":\"https:\/\/www.angeltrust.at\/?s={search_term_string}\"},\"query-input\":{\"@type\":\"PropertyValueSpecification\",\"valueRequired\":true,\"valueName\":\"search_term_string\"}}],\"inLanguage\":\"de\"}]}<\/script>\n<!-- \/ Yoast SEO plugin. -->","yoast_head_json":{"title":"In der Stille liegt deine Kraft - Kristallklangbad, \"Dein heiliger Raum\"","description":"Raum zum Ankommen, Loslassen und zu dir selbst zur\u00fcckzukehren. Ein Raum, in dem dein Licht erstrahlen und deine Wahrhaftigkeit sichtbar werden darf.","robots":{"index":"index","follow":"follow","max-snippet":"max-snippet:-1","max-image-preview":"max-image-preview:large","max-video-preview":"max-video-preview:-1"},"canonical":"https:\/\/www.angeltrust.at\/?page_id=9363","og_locale":"de_DE","og_type":"article","og_title":"In der Stille liegt deine Kraft - Kristallklangbad, \"Dein heiliger Raum\"","og_description":"Raum zum Ankommen, Loslassen und zu dir selbst zur\u00fcckzukehren. Ein Raum, in dem dein Licht erstrahlen und deine Wahrhaftigkeit sichtbar werden darf.","og_url":"https:\/\/www.angeltrust.at\/?page_id=9363","og_site_name":"angeltrust.at","article_publisher":"https:\/\/www.facebook.com\/angeltrust.at\/?fref=ts","article_modified_time":"2026-04-15T13:45:08+00:00","twitter_card":"summary_large_image","twitter_misc":{"Gesch\u00e4tzte Lesezeit":"5\u00a0Minuten"},"schema":{"@context":"https:\/\/schema.org","@graph":[{"@type":"WebPage","@id":"https:\/\/www.angeltrust.at\/?page_id=9363","url":"https:\/\/www.angeltrust.at\/?page_id=9363","name":"In der Stille liegt deine Kraft - Kristallklangbad, \"Dein heiliger Raum\"","isPartOf":{"@id":"https:\/\/www.angeltrust.at\/#website"},"datePublished":"2026-04-15T13:20:10+00:00","dateModified":"2026-04-15T13:45:08+00:00","description":"Raum zum Ankommen, Loslassen und zu dir selbst zur\u00fcckzukehren. Ein Raum, in dem dein Licht erstrahlen und deine Wahrhaftigkeit sichtbar werden darf.","breadcrumb":{"@id":"https:\/\/www.angeltrust.at\/?page_id=9363#breadcrumb"},"inLanguage":"de","potentialAction":[{"@type":"ReadAction","target":["https:\/\/www.angeltrust.at\/?page_id=9363"]}]},{"@type":"BreadcrumbList","@id":"https:\/\/www.angeltrust.at\/?page_id=9363#breadcrumb","itemListElement":[{"@type":"ListItem","position":1,"name":"Startseite","item":"https:\/\/www.angeltrust.at\/"},{"@type":"ListItem","position":2,"name":"In der Stille liegt deine Kraft"}]},{"@type":"WebSite","@id":"https:\/\/www.angeltrust.at\/#website","url":"https:\/\/www.angeltrust.at\/","name":"angeltrust.at","description":"Corinna Maria Landauer-Fetbauer","potentialAction":[{"@type":"SearchAction","target":{"@type":"EntryPoint","urlTemplate":"https:\/\/www.angeltrust.at\/?s={search_term_string}"},"query-input":{"@type":"PropertyValueSpecification","valueRequired":true,"valueName":"search_term_string"}}],"inLanguage":"de"}]}},"_links":{"self":[{"href":"https:\/\/www.angeltrust.at\/index.php?rest_route=\/wp\/v2\/pages\/9363","targetHints":{"allow":["GET"]}}],"collection":[{"href":"https:\/\/www.angeltrust.at\/index.php?rest_route=\/wp\/v2\/pages"}],"about":[{"href":"https:\/\/www.angeltrust.at\/index.php?rest_route=\/wp\/v2\/types\/page"}],"author":[{"embeddable":true,"href":"https:\/\/www.angeltrust.at\/index.php?rest_route=\/wp\/v2\/users\/3"}],"replies":[{"embeddable":true,"href":"https:\/\/www.angeltrust.at\/index.php?rest_route=%2Fwp%2Fv2%2Fcomments&post=9363"}],"version-history":[{"count":5,"href":"https:\/\/www.angeltrust.at\/index.php?rest_route=\/wp\/v2\/pages\/9363\/revisions"}],"predecessor-version":[{"id":9390,"href":"https:\/\/www.angeltrust.at\/index.php?rest_route=\/wp\/v2\/pages\/9363\/revisions\/9390"}],"wp:attachment":[{"href":"https:\/\/www.angeltrust.at\/index.php?rest_route=%2Fwp%2Fv2%2Fmedia&parent=9363"}],"curies":[{"name":"wp","href":"https:\/\/api.w.org\/{rel}","templated":true}]}}